{"id":208266,"date":"2018-09-30T22:43:00","date_gmt":"2018-09-30T20:43:00","guid":{"rendered":"https:\/\/hardingfela.no\/kontakt\/"},"modified":"2020-05-03T15:20:22","modified_gmt":"2020-05-03T13:20:22","slug":"contact","status":"publish","type":"page","link":"https:\/\/hardingfela.no\/en\/contact\/","title":{"rendered":"Contact"},"content":{"rendered":"<p>[et_pb_section fb_built=&#8221;1&#8243; _builder_version=&#8221;3.22&#8243; use_background_color_gradient=&#8221;on&#8221; background_color_gradient_start=&#8221;rgba(0,0,0,0.35)&#8221; background_color_gradient_end=&#8221;rgba(0,0,0,0.35)&#8221; background_color_gradient_overlays_image=&#8221;on&#8221; background_image=&#8221;https:\/\/hardingfela.no\/wp-content\/uploads\/2018\/10\/Hardingfele_Utne_foto_Elisabeth_Emmerhoff.jpg&#8221; filter_brightness=&#8221;141%&#8221;][et_pb_row _builder_version=&#8221;3.25&#8243;][et_pb_column type=&#8221;4_4&#8243; _builder_version=&#8221;3.25&#8243; custom_padding=&#8221;|||&#8221; custom_padding__hover=&#8221;|||&#8221;][et_pb_text _builder_version=&#8221;3.27.4&#8243; header_font=&#8221;|700|||||||&#8221; header_text_align=&#8221;center&#8221; header_text_color=&#8221;#ffffff&#8221; header_font_size=&#8221;62px&#8221; header_letter_spacing=&#8221;3px&#8221; header_line_height=&#8221;1.3em&#8221; module_alignment=&#8221;center&#8221; custom_margin=&#8221;75px||20px|&#8221; custom_margin_tablet=&#8221;&#8221; custom_margin_phone=&#8221;35px||10px|&#8221; custom_margin_last_edited=&#8221;on|phone&#8221; header_font_size_tablet=&#8221;42px&#8221; header_font_size_phone=&#8221;28px&#8221; header_font_size_last_edited=&#8221;on|phone&#8221;]<\/p>\n<h1>Kontakt<\/h1>\n<p>[\/et_pb_text][\/et_pb_column][\/et_pb_row][\/et_pb_section][et_pb_section fb_built=&#8221;1&#8243; _builder_version=&#8221;3.22&#8243; custom_padding=&#8221;54px|0px|0|0px|false|false&#8221;][et_pb_row _builder_version=&#8221;3.25&#8243; custom_padding=&#8221;27px|0px|0|0px|false|false&#8221;][et_pb_column type=&#8221;4_4&#8243; _builder_version=&#8221;3.25&#8243; custom_padding=&#8221;|||&#8221; custom_padding__hover=&#8221;|||&#8221;][et_pb_text _builder_version=&#8221;3.27.4&#8243; header_font=&#8221;||||||||&#8221; header_font_size=&#8221;39px&#8221; header_2_font=&#8221;||||||||&#8221; header_2_font_size=&#8221;38px&#8221; header_2_line_height=&#8221;1.3em&#8221; header_2_font_size_tablet=&#8221;32px&#8221; header_2_font_size_phone=&#8221;26px&#8221; header_2_font_size_last_edited=&#8221;on|phone&#8221;]<\/p>\n<h2>Kontakt Hardingfela.no<\/h2>\n<p>[\/et_pb_text][\/et_pb_column][\/et_pb_row][et_pb_row column_structure=&#8221;1_2,1_2&#8243; _builder_version=&#8221;3.25&#8243; custom_padding=&#8221;27px|0px|0|0px|false|false&#8221;][et_pb_column type=&#8221;1_2&#8243; _builder_version=&#8221;3.25&#8243; custom_padding=&#8221;|||&#8221; custom_padding__hover=&#8221;|||&#8221;][et_pb_text _builder_version=&#8221;3.27.4&#8243; text_font=&#8221;||||||||&#8221; text_text_color=&#8221;#000000&#8243; text_font_size=&#8221;10px&#8221; header_font=&#8221;||||||||&#8221; header_text_color=&#8221;#000000&#8243; header_font_size=&#8221;14px&#8221; header_2_font=&#8221;||||||||&#8221; header_2_text_color=&#8221;#000000&#8243; header_2_font_size=&#8221;20px&#8221; header_4_font=&#8221;Legacy Book||||||||&#8221; header_4_font_size=&#8221;10px&#8221;]    <section class=\"lhea-widget-section\">\n\n        <div class=\"lhea-widget-container\">\n            \t\t<div id=\"layers-heroes-assemble\" class=\"lhea-color-techoffice\">\n\n\t\t\t<!-- Section title -->\n\t\t\t\n\t\t\t<!-- Section excerpt -->\n\t\t\t\n\t\t\t<!-- Render Filters -->\n\t\t\t\n\t\t\t<!-- Render heroes -->\n\t\t\t\t\t<ul id=\"lhea-heroes-6764\" class=\"lhea-heroes lhea-2col\">\n\t\t\t\t<li class=\"lhea-hero  lhea-team-hardingfela-no\">\n\t\t\t\t<div class=\"lhea-member-style-2\">\n\n\t\t\t<!-- Member picture -->\n\t\t\t\t\t\t<div class=\"lhea-member-picture\">\n\t\t\t\t<img loading=\"lazy\" decoding=\"async\" width=\"359\" height=\"640\" src=\"https:\/\/hardingfela.no\/wp-content\/uploads\/2019\/06\/Siri-Nordg\u00e5rd.png\" class=\"attachment-full size-full wp-post-image\" alt=\"\" srcset=\"https:\/\/hardingfela.no\/wp-content\/uploads\/2019\/06\/Siri-Nordg\u00e5rd.png 359w, https:\/\/hardingfela.no\/wp-content\/uploads\/2019\/06\/Siri-Nordg\u00e5rd-168x300.png 168w\" sizes=\"(max-width: 359px) 100vw, 359px\" \/>\t\t\t\t\t\t\t\t<div class=\"lhea-member-hover\">\n\t\t\t\t\t\t\t\t<button href=\"#lhea-modal-6764-217153\" class=\"lhea-modal-trigger\" title=\"View Profile\">\n\t\t\t\t<span class=\"fa-stack fa-lg\">\n\t\t\t\t  \t<i class=\"fa fa-circle fa-stack-2x\"><\/i>\n\t\t\t\t  \t<i class=\"fa fa-users fa-stack-1x\"><\/i>\n\t\t\t\t<\/span>\n\t\t\t<\/button>\n\t\t\t\t\t\t<\/div><!-- .lhea-member-hover -->\n\t\t\t\t\t\t\t<button href=\"#lhea-modal-6764-217153\" class=\"lhea-member-modal-trigger lhea-modal-trigger\"><\/button>\n\t\t\t\t\t\t\t\t\t<\/div>\n\t\t\t\n\t\t\t\t\t\t<div class=\"lhea-member-details\">\n\n\t\t\t\t<!-- Member name -->\n\t\t\t\t\t\t\t\t\t<h2 class=\"lhea-member-name\">Siri Nordg\u00e5rd<\/h2>\n\t\t\t\t\n\t\t\t\t<!-- Member position-->\n\t\t\t\t\t\t\t\t\t<h4 class=\"lhea-member-position\">Konsulent<\/h4>\n\t\t\t\t\n\t\t\t\t<!-- Member excerpt -->\n\t\t\t\t\n\t\t\t\t<!-- Social media icons -->\n\t\t\t\t\n\t\t\t<\/div><!-- .lhea-member-details -->\n\t\t\t\n\t\t\t<!-- Member modal link (only display if no picture found) -->\n\t\t\t\n\t\t<\/div>\n\t\t\t\t<\/li>\n\t\t\t\t<li class=\"lhea-hero  lhea-team-hardingfela-no\">\n\t\t\t\t<div class=\"lhea-member-style-2\">\n\n\t\t\t<!-- Member picture -->\n\t\t\t\t\t\t<div class=\"lhea-member-picture\">\n\t\t\t\t<img loading=\"lazy\" decoding=\"async\" width=\"195\" height=\"230\" src=\"https:\/\/hardingfela.no\/wp-content\/uploads\/2018\/12\/Untitled-1_Tilsett_Tilsett.png\" class=\"attachment-full size-full wp-post-image\" alt=\"\" \/>\t\t\t\t\t\t\t\t<div class=\"lhea-member-hover\">\n\t\t\t\t\t\t\t\t<button href=\"#lhea-modal-6764-207426\" class=\"lhea-modal-trigger\" title=\"View Profile\">\n\t\t\t\t<span class=\"fa-stack fa-lg\">\n\t\t\t\t  \t<i class=\"fa fa-circle fa-stack-2x\"><\/i>\n\t\t\t\t  \t<i class=\"fa fa-users fa-stack-1x\"><\/i>\n\t\t\t\t<\/span>\n\t\t\t<\/button>\n\t\t\t\t\t\t<\/div><!-- .lhea-member-hover -->\n\t\t\t\t\t\t\t<button href=\"#lhea-modal-6764-207426\" class=\"lhea-member-modal-trigger lhea-modal-trigger\"><\/button>\n\t\t\t\t\t\t\t\t\t<\/div>\n\t\t\t\n\t\t\t\t\t\t<div class=\"lhea-member-details\">\n\n\t\t\t\t<!-- Member name -->\n\t\t\t\t\t\t\t\t\t<h2 class=\"lhea-member-name\">Vegard Hansen<\/h2>\n\t\t\t\t\n\t\t\t\t<!-- Member position-->\n\t\t\t\t\t\t\t\t\t<h4 class=\"lhea-member-position\">Leiar, hardingfela.no<\/h4>\n\t\t\t\t\n\t\t\t\t<!-- Member excerpt -->\n\t\t\t\t\n\t\t\t\t<!-- Social media icons -->\n\t\t\t\t\n\t\t\t<\/div><!-- .lhea-member-details -->\n\t\t\t\n\t\t\t<!-- Member modal link (only display if no picture found) -->\n\t\t\t\n\t\t<\/div>\n\t\t\t\t<\/li>\n\t\t\t\t<\/ul><!-- .lhea-heroes -->\n\t\t\n\t\t\t<!-- Render modals -->\n\t\t\t\t\t<div id=\"lhea-modal-6764-217153\" class=\"lhea-modal-container lhea-modal-right zoom-anim-dialog mfp-hide lhea-color-techoffice\">\n\t\t\t<div class=\"lhea-modal-contents lhea-boxdesign-style-2  lhea-team-hardingfela-no\">\n\t\t\t\t\t\t\t<button href=\"#lhea-modal-6764-217153\" class=\"lhea-close-modal\"><i class=\"fa fa-times\"><\/i><\/button>\n\t\t\t\t\t<div class=\"lhea-modal-picture\">\n\n\t\t\t<img loading=\"lazy\" decoding=\"async\" width=\"359\" height=\"640\" src=\"https:\/\/hardingfela.no\/wp-content\/uploads\/2019\/06\/Siri-Nordg\u00e5rd.png\" class=\"attachment-full size-full wp-post-image\" alt=\"\" srcset=\"https:\/\/hardingfela.no\/wp-content\/uploads\/2019\/06\/Siri-Nordg\u00e5rd.png 359w, https:\/\/hardingfela.no\/wp-content\/uploads\/2019\/06\/Siri-Nordg\u00e5rd-168x300.png 168w\" sizes=\"(max-width: 359px) 100vw, 359px\" \/>\n\t\t\t\t\t\t<div class=\"lhea-modal-picture-hover\">\n\t\t\t\t<!-- Member name -->\n\t\t\t\t\t\t\t\t\t<h2 class=\"lhea-modal-name\">Siri Nordg\u00e5rd<\/h2>\n\t\t\t\t\n\t\t\t\t<!-- Member position-->\n\t\t\t\t\t\t\t\t\t<h4 class=\"lhea-modal-position\">Konsulent<\/h4>\n\t\t\t\t\t\t\t<\/div>\n\t\t\t\n\t\t<\/div><!-- lhea-modal-picture -->\n\t\t\t\t<ul class=\"lhea-modal-extra\">\n\t\t\t<li><i class=\"fa fa-envelope\"><\/i><a href=\"mailto:siri@hardingfela.no\">siri@hardingfela.no<\/a><\/li><li><i class=\"fa fa-phone-square\"><\/i>902 78 724<\/li>\t\t<\/ul>\n\t\t\t\t\t<\/div><!-- .lhea-modal-contents -->\n\t\t<\/div><!-- .lhea-modal-container -->\n\t\t\t\t<div id=\"lhea-modal-6764-207426\" class=\"lhea-modal-container lhea-modal-right zoom-anim-dialog mfp-hide lhea-color-techoffice\">\n\t\t\t<div class=\"lhea-modal-contents lhea-boxdesign-style-2  lhea-team-hardingfela-no\">\n\t\t\t\t\t\t\t<button href=\"#lhea-modal-6764-207426\" class=\"lhea-close-modal\"><i class=\"fa fa-times\"><\/i><\/button>\n\t\t\t\t\t<div class=\"lhea-modal-picture\">\n\n\t\t\t<img loading=\"lazy\" decoding=\"async\" width=\"195\" height=\"230\" src=\"https:\/\/hardingfela.no\/wp-content\/uploads\/2018\/12\/Untitled-1_Tilsett_Tilsett.png\" class=\"attachment-full size-full wp-post-image\" alt=\"\" \/>\n\t\t\t\t\t\t<div class=\"lhea-modal-picture-hover\">\n\t\t\t\t<!-- Member name -->\n\t\t\t\t\t\t\t\t\t<h2 class=\"lhea-modal-name\">Vegard Hansen<\/h2>\n\t\t\t\t\n\t\t\t\t<!-- Member position-->\n\t\t\t\t\t\t\t\t\t<h4 class=\"lhea-modal-position\">Leiar, hardingfela.no<\/h4>\n\t\t\t\t\t\t\t<\/div>\n\t\t\t\n\t\t<\/div><!-- lhea-modal-picture -->\n\t\t\t\t<ul class=\"lhea-modal-extra\">\n\t\t\t<li><i class=\"fa fa-envelope\"><\/i><a href=\"mailto:vegard@hardingfela.no\">vegard@hardingfela.no<\/a><\/li><li><i class=\"fa fa-phone-square\"><\/i>+47 472 45 904<\/li>\t\t<\/ul>\n\t\t\t\t\t<\/div><!-- .lhea-modal-contents -->\n\t\t<\/div><!-- .lhea-modal-container -->\n\t\t\n\t\t\t<!-- Render JS -->\n\t\t\t\t<script type=\"text\/javascript\">\n\t\tjQuery(document).ready(function () {\n\n\t\t\t\/\/ style specific JS\n\t\t\tLHEA_STYLE.init({\n\t\t\t\theroes: jQuery( \"#lhea-heroes-6764\" ),\n\t\t\t\tdesign: \"style-2\",\n\t\t\t});\n\n\t\t\n\t\t\t\/\/ init Isotope\n\t\t\tvar HeroesContainer6764 = jQuery( \"#lhea-heroes-6764\" )\n\t\t\t\t.isotope({\n\t\t\t\t  \t\/\/ options\n\t\t\t\t  \titemSelector: '.lhea-hero',\n\t\t\t\t  \tlayoutMode: 'fitRows'\n\t\t\t\t});\n\n\t\t\t\/\/ layout Isotope again after all images have loaded\n\t\t\tHeroesContainer6764.imagesLoaded( function() {\n\t\t\t  \tHeroesContainer6764.isotope('layout');\n\t\t\t});\n\n\t\t\n\t\t\n\t\t\t\/\/ filter items on button click\n\t\t\tjQuery(\"#lhea-sorting-6764\").on( 'click', 'button.lhea-term-filter', function() {\n\t\t\t  \tvar selectedFilter = jQuery(this),\n\t\t\t  \t\tfilterValue = selectedFilter.attr('data-filter');\n\n\t\t\t  \tselectedFilter.parent().find(\".lhea-term-filter\").removeClass(\"filter-activated\");\n\t\t\t  \tselectedFilter.addClass(\"filter-activated\");\n\t\t\t  \tHeroesContainer6764.isotope({ filter: filterValue });\n\t\t\t});\n\n\t\t\t\t\n\t\t});\n\t<\/script>\n\t\n\t\t<\/div><!-- #layers-heroes-assemble -->\n\t\t        <\/div><!-- .row -->\n        \n    <\/section><!-- .lhea-widget-section -->\n\t[\/et_pb_text][\/et_pb_column][et_pb_column type=&#8221;1_2&#8243; _builder_version=&#8221;3.25&#8243; custom_padding=&#8221;35px|||&#8221; custom_padding__hover=&#8221;|||&#8221;][et_pb_text _builder_version=&#8221;3.27.4&#8243; text_font=&#8221;||||||||&#8221; text_text_color=&#8221;#191919&#8243; text_line_height=&#8221;2em&#8221;]<\/p>\n<p><strong>Bes\u00f8ksadresse:<\/strong>\u00a0Ole Bull akademiet, Strengjarhaugen 6. 5704 Voss\u00a0<br \/><b>Kontakt:\u00a0<\/b>Rannveig Dj\u00f8nne eller Magni Rosvold for \u00e5 avtala m\u00f8te og liknande. Me er mykje ute p\u00e5 farten s\u00e5 det l\u00f8nar seg \u00e5 ringja f\u00f8r du evt. har lyst til \u00e5 koma innom oss! Me kjem gjerne dit du er ogs\u00e5.<\/p>\n<p>&nbsp;<\/p>\n<p><strong>Styreleiarar for hardingfela.no:<\/strong><\/p>\n<ul>\n<li>Direkt\u00f8r ved Hardanger og Voss museum: Randi B\u00e5rtvedt.<\/li>\n<\/ul>\n<p><span style=\"font-size: 14px;\">E-post: <\/span><a href=\"mailto:randi.bartvedt@hvm.museum.no\" style=\"font-size: 14px;\">randi.bartvedt@hvm.museum.no<\/a><span style=\"font-size: 14px;\">. \/ tlf.nr. 977 10 397<\/span><\/p>\n<p><span style=\"font-size: 14px;\"><\/span><\/p>\n<ul>\n<li>Rektor ved Ole Bull Akademiet, Jo Asgeir Lie.<\/li>\n<\/ul>\n<p>E-post: <a href=\"mailto:joasgeir@olebull.no,\">joasgeir@olebull.no <span style=\"color: #000000;\">\/ t<\/span><\/a>lf.nr. 905 16 652<\/p>\n<p>&nbsp;<\/p>\n<p>&nbsp;<\/p>\n<p>[\/et_pb_text][\/et_pb_column][\/et_pb_row][\/et_pb_section][et_pb_section fb_built=&#8221;1&#8243; fullwidth=&#8221;on&#8221; _builder_version=&#8221;3.22&#8243; custom_padding=&#8221;0px|0px|0|0px|false|false&#8221;][\/et_pb_section][et_pb_section fb_built=&#8221;1&#8243; _builder_version=&#8221;3.22&#8243; custom_padding=&#8221;0|0|54px|0px|false|false&#8221;][et_pb_row use_custom_gutter=&#8221;on&#8221; gutter_width=&#8221;2&#8243; _builder_version=&#8221;3.25&#8243; custom_padding=&#8221;0|0px|27px|0px|false|false&#8221;][et_pb_column type=&#8221;4_4&#8243; _builder_version=&#8221;3.25&#8243; custom_padding=&#8221;|||&#8221; custom_padding__hover=&#8221;|||&#8221;][\/et_pb_column][\/et_pb_row][\/et_pb_section]<\/p>\n","protected":false},"excerpt":{"rendered":"<p>[et_pb_section fb_built=&#8221;1&#8243; _builder_version=&#8221;3.22&#8243; use_background_color_gradient=&#8221;on&#8221; background_color_gradient_start=&#8221;rgba(0,0,0,0.35)&#8221; background_color_gradient_end=&#8221;rgba(0,0,0,0.35)&#8221; background_color_gradient_overlays_image=&#8221;on&#8221; background_image=&#8221;https:\/\/hardingfela.no\/wp-content\/uploads\/2018\/10\/Hardingfele_Utne_foto_Elisabeth_Emmerhoff.jpg&#8221; filter_brightness=&#8221;141%&#8221;][et_pb_row _builder_version=&#8221;3.25&#8243;][et_pb_column type=&#8221;4_4&#8243; _builder_version=&#8221;3.25&#8243; custom_padding=&#8221;|||&#8221; custom_padding__hover=&#8221;|||&#8221;][et_pb_text _builder_version=&#8221;3.27.4&#8243; header_font=&#8221;|700|||||||&#8221; header_text_align=&#8221;center&#8221; header_text_color=&#8221;#ffffff&#8221; header_font_size=&#8221;62px&#8221; header_letter_spacing=&#8221;3px&#8221; header_line_height=&#8221;1.3em&#8221; module_alignment=&#8221;center&#8221; custom_margin=&#8221;75px||20px|&#8221; custom_margin_tablet=&#8221;&#8221; custom_margin_phone=&#8221;35px||10px|&#8221; custom_margin_last_edited=&#8221;on|phone&#8221; header_font_size_tablet=&#8221;42px&#8221; header_font_size_phone=&#8221;28px&#8221; header_font_size_last_edited=&#8221;on|phone&#8221;] Kontakt [\/et_pb_text][\/et_pb_column][\/et_pb_row][\/et_pb_section][et_pb_section fb_built=&#8221;1&#8243; _builder_version=&#8221;3.22&#8243; custom_padding=&#8221;54px|0px|0|0px|false|false&#8221;][et_pb_row _builder_version=&#8221;3.25&#8243; custom_padding=&#8221;27px|0px|0|0px|false|false&#8221;][et_pb_column type=&#8221;4_4&#8243; _builder_version=&#8221;3.25&#8243; custom_padding=&#8221;|||&#8221; custom_padding__hover=&#8221;|||&#8221;][et_pb_text _builder_version=&#8221;3.27.4&#8243; header_font=&#8221;||||||||&#8221; header_font_size=&#8221;39px&#8221; header_2_font=&#8221;||||||||&#8221; header_2_font_size=&#8221;38px&#8221; header_2_line_height=&#8221;1.3em&#8221; header_2_font_size_tablet=&#8221;32px&#8221; header_2_font_size_phone=&#8221;26px&#8221; header_2_font_size_last_edited=&#8221;on|phone&#8221;] Kontakt Hardingfela.no [\/et_pb_text][\/et_pb_column][\/et_pb_row][et_pb_row column_structure=&#8221;1_2,1_2&#8243; _builder_version=&#8221;3.25&#8243; custom_padding=&#8221;27px|0px|0|0px|false|false&#8221;][et_pb_column [&hellip;]<\/p>\n","protected":false},"author":1,"featured_media":0,"parent":0,"menu_order":0,"comment_status":"closed","ping_status":"closed","template":"","meta":{"_et_pb_use_builder":"on","_et_pb_old_content":"","_et_gb_content_width":"","inline_featured_image":false,"footnotes":""},"class_list":["post-208266","page","type-page","status-publish","hentry"],"yoast_head":"<!-- This site is optimized with the Yoast SEO plugin v27.1.1 - https:\/\/yoast.com\/product\/yoast-seo-wordpress\/ -->\n<title>Contact - Hardingfela.no<\/title>\n<meta name=\"robots\" content=\"index, follow, max-snippet:-1, max-image-preview:large, max-video-preview:-1\" \/>\n<link rel=\"canonical\" href=\"https:\/\/hardingfela.no\/en\/contact\/\" \/>\n<meta property=\"og:locale\" content=\"en_US\" \/>\n<meta property=\"og:type\" content=\"article\" \/>\n<meta property=\"og:title\" content=\"Contact - Hardingfela.no\" \/>\n<meta property=\"og:description\" content=\"[et_pb_section fb_built=&#8221;1&#8243; _builder_version=&#8221;3.22&#8243; use_background_color_gradient=&#8221;on&#8221; background_color_gradient_start=&#8221;rgba(0,0,0,0.35)&#8221; background_color_gradient_end=&#8221;rgba(0,0,0,0.35)&#8221; background_color_gradient_overlays_image=&#8221;on&#8221; background_image=&#8221;https:\/\/hardingfela.no\/wp-content\/uploads\/2018\/10\/Hardingfele_Utne_foto_Elisabeth_Emmerhoff.jpg&#8221; filter_brightness=&#8221;141%&#8221;][et_pb_row _builder_version=&#8221;3.25&#8243;][et_pb_column type=&#8221;4_4&#8243; _builder_version=&#8221;3.25&#8243; custom_padding=&#8221;|||&#8221; custom_padding__hover=&#8221;|||&#8221;][et_pb_text _builder_version=&#8221;3.27.4&#8243; header_font=&#8221;|700|||||||&#8221; header_text_align=&#8221;center&#8221; header_text_color=&#8221;#ffffff&#8221; header_font_size=&#8221;62px&#8221; header_letter_spacing=&#8221;3px&#8221; header_line_height=&#8221;1.3em&#8221; module_alignment=&#8221;center&#8221; custom_margin=&#8221;75px||20px|&#8221; custom_margin_tablet=&#8221;&#8221; custom_margin_phone=&#8221;35px||10px|&#8221; custom_margin_last_edited=&#8221;on|phone&#8221; header_font_size_tablet=&#8221;42px&#8221; header_font_size_phone=&#8221;28px&#8221; header_font_size_last_edited=&#8221;on|phone&#8221;] Kontakt [\/et_pb_text][\/et_pb_column][\/et_pb_row][\/et_pb_section][et_pb_section fb_built=&#8221;1&#8243; _builder_version=&#8221;3.22&#8243; custom_padding=&#8221;54px|0px|0|0px|false|false&#8221;][et_pb_row _builder_version=&#8221;3.25&#8243; custom_padding=&#8221;27px|0px|0|0px|false|false&#8221;][et_pb_column type=&#8221;4_4&#8243; _builder_version=&#8221;3.25&#8243; custom_padding=&#8221;|||&#8221; custom_padding__hover=&#8221;|||&#8221;][et_pb_text _builder_version=&#8221;3.27.4&#8243; header_font=&#8221;||||||||&#8221; header_font_size=&#8221;39px&#8221; header_2_font=&#8221;||||||||&#8221; header_2_font_size=&#8221;38px&#8221; header_2_line_height=&#8221;1.3em&#8221; header_2_font_size_tablet=&#8221;32px&#8221; header_2_font_size_phone=&#8221;26px&#8221; header_2_font_size_last_edited=&#8221;on|phone&#8221;] Kontakt Hardingfela.no [\/et_pb_text][\/et_pb_column][\/et_pb_row][et_pb_row column_structure=&#8221;1_2,1_2&#8243; _builder_version=&#8221;3.25&#8243; custom_padding=&#8221;27px|0px|0|0px|false|false&#8221;][et_pb_column [&hellip;]\" \/>\n<meta property=\"og:url\" content=\"https:\/\/hardingfela.no\/en\/contact\/\" \/>\n<meta property=\"og:site_name\" content=\"Hardingfela.no\" \/>\n<meta property=\"article:modified_time\" content=\"2020-05-03T13:20:22+00:00\" \/>\n<meta name=\"twitter:card\" content=\"summary_large_image\" \/>\n<meta name=\"twitter:label1\" content=\"Est. reading time\" \/>\n\t<meta name=\"twitter:data1\" content=\"3 minutes\" \/>\n<script type=\"application\/ld+json\" class=\"yoast-schema-graph\">{\"@context\":\"https:\/\/schema.org\",\"@graph\":[{\"@type\":\"WebPage\",\"@id\":\"https:\/\/hardingfela.no\/en\/contact\/\",\"url\":\"https:\/\/hardingfela.no\/en\/contact\/\",\"name\":\"Contact - Hardingfela.no\",\"isPartOf\":{\"@id\":\"https:\/\/hardingfela.no\/#website\"},\"datePublished\":\"2018-09-30T20:43:00+00:00\",\"dateModified\":\"2020-05-03T13:20:22+00:00\",\"breadcrumb\":{\"@id\":\"https:\/\/hardingfela.no\/en\/contact\/#breadcrumb\"},\"inLanguage\":\"en-US\",\"potentialAction\":[{\"@type\":\"ReadAction\",\"target\":[\"https:\/\/hardingfela.no\/en\/contact\/\"]}]},{\"@type\":\"BreadcrumbList\",\"@id\":\"https:\/\/hardingfela.no\/en\/contact\/#breadcrumb\",\"itemListElement\":[{\"@type\":\"ListItem\",\"position\":1,\"name\":\"Hjem\",\"item\":\"https:\/\/hardingfela.no\/en\/\"},{\"@type\":\"ListItem\",\"position\":2,\"name\":\"Contact\"}]},{\"@type\":\"WebSite\",\"@id\":\"https:\/\/hardingfela.no\/#website\",\"url\":\"https:\/\/hardingfela.no\/\",\"name\":\"Hardingfela.no\",\"description\":\"Hardanger og Voss museum\",\"potentialAction\":[{\"@type\":\"SearchAction\",\"target\":{\"@type\":\"EntryPoint\",\"urlTemplate\":\"https:\/\/hardingfela.no\/?s={search_term_string}\"},\"query-input\":{\"@type\":\"PropertyValueSpecification\",\"valueRequired\":true,\"valueName\":\"search_term_string\"}}],\"inLanguage\":\"en-US\"}]}<\/script>\n<!-- \/ Yoast SEO plugin. -->","yoast_head_json":{"title":"Contact - Hardingfela.no","robots":{"index":"index","follow":"follow","max-snippet":"max-snippet:-1","max-image-preview":"max-image-preview:large","max-video-preview":"max-video-preview:-1"},"canonical":"https:\/\/hardingfela.no\/en\/contact\/","og_locale":"en_US","og_type":"article","og_title":"Contact - Hardingfela.no","og_description":"[et_pb_section fb_built=&#8221;1&#8243; _builder_version=&#8221;3.22&#8243; use_background_color_gradient=&#8221;on&#8221; background_color_gradient_start=&#8221;rgba(0,0,0,0.35)&#8221; background_color_gradient_end=&#8221;rgba(0,0,0,0.35)&#8221; background_color_gradient_overlays_image=&#8221;on&#8221; background_image=&#8221;https:\/\/hardingfela.no\/wp-content\/uploads\/2018\/10\/Hardingfele_Utne_foto_Elisabeth_Emmerhoff.jpg&#8221; filter_brightness=&#8221;141%&#8221;][et_pb_row _builder_version=&#8221;3.25&#8243;][et_pb_column type=&#8221;4_4&#8243; _builder_version=&#8221;3.25&#8243; custom_padding=&#8221;|||&#8221; custom_padding__hover=&#8221;|||&#8221;][et_pb_text _builder_version=&#8221;3.27.4&#8243; header_font=&#8221;|700|||||||&#8221; header_text_align=&#8221;center&#8221; header_text_color=&#8221;#ffffff&#8221; header_font_size=&#8221;62px&#8221; header_letter_spacing=&#8221;3px&#8221; header_line_height=&#8221;1.3em&#8221; module_alignment=&#8221;center&#8221; custom_margin=&#8221;75px||20px|&#8221; custom_margin_tablet=&#8221;&#8221; custom_margin_phone=&#8221;35px||10px|&#8221; custom_margin_last_edited=&#8221;on|phone&#8221; header_font_size_tablet=&#8221;42px&#8221; header_font_size_phone=&#8221;28px&#8221; header_font_size_last_edited=&#8221;on|phone&#8221;] Kontakt [\/et_pb_text][\/et_pb_column][\/et_pb_row][\/et_pb_section][et_pb_section fb_built=&#8221;1&#8243; _builder_version=&#8221;3.22&#8243; custom_padding=&#8221;54px|0px|0|0px|false|false&#8221;][et_pb_row _builder_version=&#8221;3.25&#8243; custom_padding=&#8221;27px|0px|0|0px|false|false&#8221;][et_pb_column type=&#8221;4_4&#8243; _builder_version=&#8221;3.25&#8243; custom_padding=&#8221;|||&#8221; custom_padding__hover=&#8221;|||&#8221;][et_pb_text _builder_version=&#8221;3.27.4&#8243; header_font=&#8221;||||||||&#8221; header_font_size=&#8221;39px&#8221; header_2_font=&#8221;||||||||&#8221; header_2_font_size=&#8221;38px&#8221; header_2_line_height=&#8221;1.3em&#8221; header_2_font_size_tablet=&#8221;32px&#8221; header_2_font_size_phone=&#8221;26px&#8221; header_2_font_size_last_edited=&#8221;on|phone&#8221;] Kontakt Hardingfela.no [\/et_pb_text][\/et_pb_column][\/et_pb_row][et_pb_row column_structure=&#8221;1_2,1_2&#8243; _builder_version=&#8221;3.25&#8243; custom_padding=&#8221;27px|0px|0|0px|false|false&#8221;][et_pb_column [&hellip;]","og_url":"https:\/\/hardingfela.no\/en\/contact\/","og_site_name":"Hardingfela.no","article_modified_time":"2020-05-03T13:20:22+00:00","twitter_card":"summary_large_image","twitter_misc":{"Est. reading time":"3 minutes"},"schema":{"@context":"https:\/\/schema.org","@graph":[{"@type":"WebPage","@id":"https:\/\/hardingfela.no\/en\/contact\/","url":"https:\/\/hardingfela.no\/en\/contact\/","name":"Contact - Hardingfela.no","isPartOf":{"@id":"https:\/\/hardingfela.no\/#website"},"datePublished":"2018-09-30T20:43:00+00:00","dateModified":"2020-05-03T13:20:22+00:00","breadcrumb":{"@id":"https:\/\/hardingfela.no\/en\/contact\/#breadcrumb"},"inLanguage":"en-US","potentialAction":[{"@type":"ReadAction","target":["https:\/\/hardingfela.no\/en\/contact\/"]}]},{"@type":"BreadcrumbList","@id":"https:\/\/hardingfela.no\/en\/contact\/#breadcrumb","itemListElement":[{"@type":"ListItem","position":1,"name":"Hjem","item":"https:\/\/hardingfela.no\/en\/"},{"@type":"ListItem","position":2,"name":"Contact"}]},{"@type":"WebSite","@id":"https:\/\/hardingfela.no\/#website","url":"https:\/\/hardingfela.no\/","name":"Hardingfela.no","description":"Hardanger og Voss museum","potentialAction":[{"@type":"SearchAction","target":{"@type":"EntryPoint","urlTemplate":"https:\/\/hardingfela.no\/?s={search_term_string}"},"query-input":{"@type":"PropertyValueSpecification","valueRequired":true,"valueName":"search_term_string"}}],"inLanguage":"en-US"}]}},"_links":{"self":[{"href":"https:\/\/hardingfela.no\/en\/wp-json\/wp\/v2\/pages\/208266","targetHints":{"allow":["GET"]}}],"collection":[{"href":"https:\/\/hardingfela.no\/en\/wp-json\/wp\/v2\/pages"}],"about":[{"href":"https:\/\/hardingfela.no\/en\/wp-json\/wp\/v2\/types\/page"}],"author":[{"embeddable":true,"href":"https:\/\/hardingfela.no\/en\/wp-json\/wp\/v2\/users\/1"}],"replies":[{"embeddable":true,"href":"https:\/\/hardingfela.no\/en\/wp-json\/wp\/v2\/comments?post=208266"}],"version-history":[{"count":0,"href":"https:\/\/hardingfela.no\/en\/wp-json\/wp\/v2\/pages\/208266\/revisions"}],"wp:attachment":[{"href":"https:\/\/hardingfela.no\/en\/wp-json\/wp\/v2\/media?parent=208266"}],"curies":[{"name":"wp","href":"https:\/\/api.w.org\/{rel}","templated":true}]}}