{"id":208264,"date":"2018-10-14T23:43:35","date_gmt":"2018-10-14T21:43:35","guid":{"rendered":"https:\/\/hardingfela.no\/aktivitetar\/folkedans-i-hordaland\/"},"modified":"2020-09-21T10:33:10","modified_gmt":"2020-09-21T08:33:10","slug":"folk-dance","status":"publish","type":"page","link":"https:\/\/hardingfela.no\/en\/folk-dance\/","title":{"rendered":"Folkedans i Hordaland"},"content":{"rendered":"<p>[et_pb_section fb_built=&#8221;1&#8243; _builder_version=&#8221;3.22&#8243; use_background_color_gradient=&#8221;on&#8221; background_color_gradient_start=&#8221;rgba(0,0,0,0.35)&#8221; background_color_gradient_end=&#8221;rgba(0,0,0,0.35)&#8221; background_color_gradient_overlays_image=&#8221;on&#8221; background_image=&#8221;https:\/\/hardingfela.no\/wp-content\/uploads\/2019\/01\/Oster\u00f8y_IMG_20180317_163741.jpg&#8221; filter_brightness=&#8221;138%&#8221;][et_pb_row _builder_version=&#8221;3.25&#8243;][et_pb_column type=&#8221;4_4&#8243; _builder_version=&#8221;3.25&#8243; custom_padding=&#8221;|||&#8221; custom_padding__hover=&#8221;|||&#8221;][et_pb_text _builder_version=&#8221;3.27.4&#8243; header_font=&#8221;|700|||||||&#8221; header_text_align=&#8221;center&#8221; header_text_color=&#8221;#ffffff&#8221; header_font_size=&#8221;62px&#8221; header_letter_spacing=&#8221;3px&#8221; header_line_height=&#8221;1.3em&#8221; module_alignment=&#8221;center&#8221; custom_margin=&#8221;75px||20px|&#8221; custom_margin_tablet=&#8221;&#8221; custom_margin_phone=&#8221;35px||10px|&#8221; custom_margin_last_edited=&#8221;on|phone&#8221; header_font_size_tablet=&#8221;42px&#8221; header_font_size_phone=&#8221;28px&#8221; header_font_size_last_edited=&#8221;on|phone&#8221;]<\/p>\n<h1>Folkedans i Hordaland<\/h1>\n<p>[\/et_pb_text][\/et_pb_column][\/et_pb_row][\/et_pb_section][et_pb_section fb_built=&#8221;1&#8243; _builder_version=&#8221;3.22&#8243; custom_padding=&#8221;54px|0px|0|0px|false|false&#8221;][et_pb_row _builder_version=&#8221;3.25&#8243; column_structure=&#8221;1_2,1_2&#8243;][et_pb_column type=&#8221;1_2&#8243; _builder_version=&#8221;3.25&#8243; custom_padding=&#8221;|||&#8221; custom_padding__hover=&#8221;|||&#8221;][et_pb_image src=&#8221;https:\/\/hardingfela.no\/wp-content\/uploads\/2018\/12\/ungosa_ij_02.jpg&#8221; align_tablet=&#8221;center&#8221; align_last_edited=&#8221;on|desktop&#8221; _builder_version=&#8221;3.23&#8243;][\/et_pb_image][\/et_pb_column][et_pb_column type=&#8221;1_2&#8243; _builder_version=&#8221;3.25&#8243; custom_padding=&#8221;35px|||&#8221; custom_padding__hover=&#8221;|||&#8221;][et_pb_text _builder_version=&#8221;3.27.4&#8243; header_font_size=&#8221;39px&#8221; header_2_font_size=&#8221;38px&#8221; header_2_line_height=&#8221;1.3em&#8221; header_2_font_size_tablet=&#8221;32px&#8221; header_2_font_size_phone=&#8221;26px&#8221; header_2_font_size_last_edited=&#8221;on|phone&#8221;]<\/p>\n<h2><span>Vil styrkja tradisjonsdansen<br \/><\/span><\/h2>\n<p>[\/et_pb_text][et_pb_text _builder_version=&#8221;3.27.4&#8243; text_font=&#8221;||||||||&#8221; text_text_color=&#8221;#191919&#8243; text_line_height=&#8221;2em&#8221;]<\/p>\n<p><span>Dansesatsinga til Hardingfela.no, Folkedans i Hordaland, har som m\u00e5l \u00e5 styrka vilk\u00e5ra for tradisjonsdansen i Hordaland. Musikken spela p\u00e5 hardingfela var i hovudsak dansemusikk. Dansen stod mykje sterkare i samfunnet i tidlegare tider, og det vart dansa i alt fr\u00e5 bryllaup til grav\u00f8l. Det vert framleis dansa tradisjonsdans i dag og vi vil halda levande denne immaterielle kulturarven gjennom \u00e5 ta vare p\u00e5, dyrka og vidareutvikla tradisjonsdansen gjennom bruk. <\/span><\/p>\n<p><span>Med dansesatsinga ynskjer vi \u00e5 auka interessa og forst\u00e5inga for dansearven v\u00e5r, blant anna gjennom \u00e5 tenkja nytt omkring formidling og rekruttering. I tillegg til \u00e5 skapa nye m\u00f8testader og tiltak for \u00e5 styrka dansen, ynskjer vi ogs\u00e5 \u00e5 bygga opp under og styrka den aktiviteten som finnast. Vi samarbeider difor med alle lokale lag, ressurspersonar og lokalmilj\u00f8 som ynskjer \u00e5 samarbeide om aktivitetar og tiltak som kan vera med p\u00e5 \u00e5 gje dansen eit lyft.<\/span><\/p>\n<p><span>Her kan du lesa forprosjektrapporten \u00a0som vart sendt inn til Hordaland fylkeskommune ilag med s\u00f8knad om den tre\u00e5rige satsinga (2017-2019):<\/span><\/p>\n<p><span><a href=\"https:\/\/hardingfela.no\/wp-content\/uploads\/2019\/01\/Folkedans-i-Hordaland-.pdf\" rel=\"attachment wp-att-207548\">Folkedans i Hordaland<\/a><\/span><\/p>\n<p><span>Folkedans i Hordaland er finansiert av Hordaland Fylkeskommune.<\/span><\/p>\n<p>[\/et_pb_text][\/et_pb_column][\/et_pb_row][\/et_pb_section][et_pb_section fb_built=&#8221;1&#8243; _builder_version=&#8221;3.22&#8243; custom_padding=&#8221;0|0px|54px|0px|false|false&#8221;][et_pb_row use_custom_gutter=&#8221;on&#8221; gutter_width=&#8221;2&#8243; _builder_version=&#8221;3.25&#8243; column_structure=&#8221;2_3,1_3&#8243;][et_pb_column type=&#8221;2_3&#8243; _builder_version=&#8221;3.25&#8243; custom_padding=&#8221;|||&#8221; custom_padding__hover=&#8221;|||&#8221;][et_pb_text _builder_version=&#8221;3.27.4&#8243; header_font=&#8221;||||||||&#8221; header_3_font=&#8221;||||||||&#8221; header_3_font_size=&#8221;28px&#8221; header_3_line_height=&#8221;1.3em&#8221; header_3_font_size_tablet=&#8221;24px&#8221; header_3_font_size_phone=&#8221;22px&#8221; header_3_font_size_last_edited=&#8221;on|phone&#8221;][\/et_pb_text][et_pb_text _builder_version=&#8221;3.27.4&#8243; text_font=&#8221;||||||||&#8221; text_text_color=&#8221;#191919&#8243; text_line_height=&#8221;2em&#8221;][\/et_pb_text][\/et_pb_column][et_pb_column type=&#8221;1_3&#8243; _builder_version=&#8221;3.25&#8243; custom_padding=&#8221;|||&#8221; custom_padding__hover=&#8221;|||&#8221;][\/et_pb_column][\/et_pb_row][et_pb_row _builder_version=&#8221;3.25&#8243; custom_padding=&#8221;50px|0px|27px|0px|false|false&#8221;][et_pb_column type=&#8221;4_4&#8243; _builder_version=&#8221;3.25&#8243; custom_padding=&#8221;|||&#8221; custom_padding__hover=&#8221;|||&#8221;][et_pb_gallery gallery_ids=&#8221;207907,207978,62,207620,207622,207982,207979&#8243; show_title_and_caption=&#8221;off&#8221; show_pagination=&#8221;off&#8221; _builder_version=&#8221;3.21&#8243;][\/et_pb_gallery][\/et_pb_column][\/et_pb_row][\/et_pb_section]<\/p>\n","protected":false},"excerpt":{"rendered":"<p>Folkedans i HordalandVil styrkja tradisjonsdansenDansesatsinga til Hardingfela.no, Folkedans i Hordaland, har som m\u00e5l \u00e5 styrka vilk\u00e5ra for tradisjonsdansen i Hordaland. Musikken spela p\u00e5 hardingfela var i hovudsak dansemusikk. Dansen stod mykje sterkare i samfunnet i tidlegare tider, og det vart dansa i alt fr\u00e5 bryllaup til grav\u00f8l. Det vert framleis dansa tradisjonsdans i dag og [&hellip;]<\/p>\n","protected":false},"author":1,"featured_media":0,"parent":0,"menu_order":0,"comment_status":"closed","ping_status":"closed","template":"","meta":{"_et_pb_use_builder":"on","_et_pb_old_content":"","_et_gb_content_width":"","inline_featured_image":false,"footnotes":""},"class_list":["post-208264","page","type-page","status-publish","hentry"],"yoast_head":"<!-- This site is optimized with the Yoast SEO plugin v27.1.1 - https:\/\/yoast.com\/product\/yoast-seo-wordpress\/ -->\n<title>Folkedans i Hordaland - Hardingfela.no<\/title>\n<meta name=\"robots\" content=\"index, follow, max-snippet:-1, max-image-preview:large, max-video-preview:-1\" \/>\n<link rel=\"canonical\" href=\"https:\/\/hardingfela.no\/en\/folk-dance\/\" \/>\n<meta property=\"og:locale\" content=\"en_US\" \/>\n<meta property=\"og:type\" content=\"article\" \/>\n<meta property=\"og:title\" content=\"Folkedans i Hordaland - Hardingfela.no\" \/>\n<meta property=\"og:description\" content=\"Folkedans i HordalandVil styrkja tradisjonsdansenDansesatsinga til Hardingfela.no, Folkedans i Hordaland, har som m\u00e5l \u00e5 styrka vilk\u00e5ra for tradisjonsdansen i Hordaland. Musikken spela p\u00e5 hardingfela var i hovudsak dansemusikk. Dansen stod mykje sterkare i samfunnet i tidlegare tider, og det vart dansa i alt fr\u00e5 bryllaup til grav\u00f8l. Det vert framleis dansa tradisjonsdans i dag og [&hellip;]\" \/>\n<meta property=\"og:url\" content=\"https:\/\/hardingfela.no\/en\/folk-dance\/\" \/>\n<meta property=\"og:site_name\" content=\"Hardingfela.no\" \/>\n<meta property=\"article:modified_time\" content=\"2020-09-21T08:33:10+00:00\" \/>\n<meta name=\"twitter:card\" content=\"summary_large_image\" \/>\n<meta name=\"twitter:label1\" content=\"Est. reading time\" \/>\n\t<meta name=\"twitter:data1\" content=\"3 minutes\" \/>\n<script type=\"application\/ld+json\" class=\"yoast-schema-graph\">{\"@context\":\"https:\/\/schema.org\",\"@graph\":[{\"@type\":\"WebPage\",\"@id\":\"https:\/\/hardingfela.no\/en\/folk-dance\/\",\"url\":\"https:\/\/hardingfela.no\/en\/folk-dance\/\",\"name\":\"Folkedans i Hordaland - Hardingfela.no\",\"isPartOf\":{\"@id\":\"https:\/\/hardingfela.no\/#website\"},\"datePublished\":\"2018-10-14T21:43:35+00:00\",\"dateModified\":\"2020-09-21T08:33:10+00:00\",\"breadcrumb\":{\"@id\":\"https:\/\/hardingfela.no\/en\/folk-dance\/#breadcrumb\"},\"inLanguage\":\"en-US\",\"potentialAction\":[{\"@type\":\"ReadAction\",\"target\":[\"https:\/\/hardingfela.no\/en\/folk-dance\/\"]}]},{\"@type\":\"BreadcrumbList\",\"@id\":\"https:\/\/hardingfela.no\/en\/folk-dance\/#breadcrumb\",\"itemListElement\":[{\"@type\":\"ListItem\",\"position\":1,\"name\":\"Hjem\",\"item\":\"https:\/\/hardingfela.no\/en\/\"},{\"@type\":\"ListItem\",\"position\":2,\"name\":\"Folkedans i Hordaland\"}]},{\"@type\":\"WebSite\",\"@id\":\"https:\/\/hardingfela.no\/#website\",\"url\":\"https:\/\/hardingfela.no\/\",\"name\":\"Hardingfela.no\",\"description\":\"Hardanger og Voss museum\",\"potentialAction\":[{\"@type\":\"SearchAction\",\"target\":{\"@type\":\"EntryPoint\",\"urlTemplate\":\"https:\/\/hardingfela.no\/?s={search_term_string}\"},\"query-input\":{\"@type\":\"PropertyValueSpecification\",\"valueRequired\":true,\"valueName\":\"search_term_string\"}}],\"inLanguage\":\"en-US\"}]}<\/script>\n<!-- \/ Yoast SEO plugin. -->","yoast_head_json":{"title":"Folkedans i Hordaland - Hardingfela.no","robots":{"index":"index","follow":"follow","max-snippet":"max-snippet:-1","max-image-preview":"max-image-preview:large","max-video-preview":"max-video-preview:-1"},"canonical":"https:\/\/hardingfela.no\/en\/folk-dance\/","og_locale":"en_US","og_type":"article","og_title":"Folkedans i Hordaland - Hardingfela.no","og_description":"Folkedans i HordalandVil styrkja tradisjonsdansenDansesatsinga til Hardingfela.no, Folkedans i Hordaland, har som m\u00e5l \u00e5 styrka vilk\u00e5ra for tradisjonsdansen i Hordaland. Musikken spela p\u00e5 hardingfela var i hovudsak dansemusikk. Dansen stod mykje sterkare i samfunnet i tidlegare tider, og det vart dansa i alt fr\u00e5 bryllaup til grav\u00f8l. Det vert framleis dansa tradisjonsdans i dag og [&hellip;]","og_url":"https:\/\/hardingfela.no\/en\/folk-dance\/","og_site_name":"Hardingfela.no","article_modified_time":"2020-09-21T08:33:10+00:00","twitter_card":"summary_large_image","twitter_misc":{"Est. reading time":"3 minutes"},"schema":{"@context":"https:\/\/schema.org","@graph":[{"@type":"WebPage","@id":"https:\/\/hardingfela.no\/en\/folk-dance\/","url":"https:\/\/hardingfela.no\/en\/folk-dance\/","name":"Folkedans i Hordaland - Hardingfela.no","isPartOf":{"@id":"https:\/\/hardingfela.no\/#website"},"datePublished":"2018-10-14T21:43:35+00:00","dateModified":"2020-09-21T08:33:10+00:00","breadcrumb":{"@id":"https:\/\/hardingfela.no\/en\/folk-dance\/#breadcrumb"},"inLanguage":"en-US","potentialAction":[{"@type":"ReadAction","target":["https:\/\/hardingfela.no\/en\/folk-dance\/"]}]},{"@type":"BreadcrumbList","@id":"https:\/\/hardingfela.no\/en\/folk-dance\/#breadcrumb","itemListElement":[{"@type":"ListItem","position":1,"name":"Hjem","item":"https:\/\/hardingfela.no\/en\/"},{"@type":"ListItem","position":2,"name":"Folkedans i Hordaland"}]},{"@type":"WebSite","@id":"https:\/\/hardingfela.no\/#website","url":"https:\/\/hardingfela.no\/","name":"Hardingfela.no","description":"Hardanger og Voss museum","potentialAction":[{"@type":"SearchAction","target":{"@type":"EntryPoint","urlTemplate":"https:\/\/hardingfela.no\/?s={search_term_string}"},"query-input":{"@type":"PropertyValueSpecification","valueRequired":true,"valueName":"search_term_string"}}],"inLanguage":"en-US"}]}},"_links":{"self":[{"href":"https:\/\/hardingfela.no\/en\/wp-json\/wp\/v2\/pages\/208264","targetHints":{"allow":["GET"]}}],"collection":[{"href":"https:\/\/hardingfela.no\/en\/wp-json\/wp\/v2\/pages"}],"about":[{"href":"https:\/\/hardingfela.no\/en\/wp-json\/wp\/v2\/types\/page"}],"author":[{"embeddable":true,"href":"https:\/\/hardingfela.no\/en\/wp-json\/wp\/v2\/users\/1"}],"replies":[{"embeddable":true,"href":"https:\/\/hardingfela.no\/en\/wp-json\/wp\/v2\/comments?post=208264"}],"version-history":[{"count":0,"href":"https:\/\/hardingfela.no\/en\/wp-json\/wp\/v2\/pages\/208264\/revisions"}],"wp:attachment":[{"href":"https:\/\/hardingfela.no\/en\/wp-json\/wp\/v2\/media?parent=208264"}],"curies":[{"name":"wp","href":"https:\/\/api.w.org\/{rel}","templated":true}]}}