{"id":208226,"date":"2018-10-15T11:43:32","date_gmt":"2018-10-15T09:43:32","guid":{"rendered":"https:\/\/hardingfela.no\/aktivitetar\/ungosa\/"},"modified":"2019-06-25T11:31:47","modified_gmt":"2019-06-25T09:31:47","slug":"ungosa","status":"publish","type":"page","link":"https:\/\/hardingfela.no\/en\/ungosa\/","title":{"rendered":"UngOsa"},"content":{"rendered":"<p>[et_pb_section fb_built=&#8221;1&#8243; _builder_version=&#8221;3.20.2&#8243; use_background_color_gradient=&#8221;on&#8221; background_color_gradient_start=&#8221;rgba(0,0,0,0.35)&#8221; background_color_gradient_end=&#8221;rgba(0,0,0,0.35)&#8221; background_color_gradient_overlays_image=&#8221;on&#8221; background_image=&#8221;https:\/\/hardingfela.no\/wp-content\/uploads\/2018\/12\/ungosa_\u00f8ving_ij_110-liten.jpeg&#8221; filter_brightness=&#8221;154%&#8221;][et_pb_row _builder_version=&#8221;3.11&#8243;][et_pb_column type=&#8221;4_4&#8243; _builder_version=&#8221;3.0.47&#8243;][et_pb_text _builder_version=&#8221;3.11&#8243; header_font=&#8221;|700|||||||&#8221; header_text_align=&#8221;center&#8221; header_text_color=&#8221;#ffffff&#8221; header_font_size=&#8221;62px&#8221; header_font_size_tablet=&#8221;42px&#8221; header_font_size_phone=&#8221;28px&#8221; header_font_size_last_edited=&#8221;on|phone&#8221; header_letter_spacing=&#8221;3px&#8221; header_line_height=&#8221;1.3em&#8221; module_alignment=&#8221;center&#8221; custom_margin=&#8221;75px||20px|&#8221; custom_margin_phone=&#8221;35px||10px|&#8221; custom_margin_last_edited=&#8221;on|phone&#8221;]<\/p>\n<h1>UngOsa<\/h1>\n<p>[\/et_pb_text][\/et_pb_column][\/et_pb_row][\/et_pb_section][et_pb_section fb_built=&#8221;1&#8243; _builder_version=&#8221;3.11&#8243; custom_padding=&#8221;54px|0px|0|0px|false|false&#8221;][et_pb_row padding_top_2=&#8221;35px&#8221; _builder_version=&#8221;3.11&#8243;][et_pb_column type=&#8221;1_2&#8243; _builder_version=&#8221;3.0.47&#8243;][et_pb_image src=&#8221;https:\/\/hardingfela.no\/wp-content\/uploads\/2018\/12\/CM0A5349.jpg&#8221; _builder_version=&#8221;3.17&#8243;][\/et_pb_image][\/et_pb_column][et_pb_column type=&#8221;1_2&#8243; _builder_version=&#8221;3.0.47&#8243;][et_pb_text _builder_version=&#8221;3.17&#8243; header_font_size=&#8221;39px&#8221; header_2_font_size=&#8221;38px&#8221; header_2_font_size_tablet=&#8221;32px&#8221; header_2_font_size_phone=&#8221;26px&#8221; header_2_font_size_last_edited=&#8221;on|phone&#8221; header_2_line_height=&#8221;1.3em&#8221;]<\/p>\n<h2>Storkurs for born og unge<\/h2>\n<p>[\/et_pb_text][et_pb_text _builder_version=&#8221;3.17&#8243; text_font=&#8221;||||||||&#8221; text_text_color=&#8221;#191919&#8243; text_line_height=&#8221;2em&#8221;]<\/p>\n<p>UngOsa er eit helgekurs for born og unge (7-18 \u00e5r) under <a href=\"http:\/\/www.osafestivalen.no\">Osafestivalen<\/a> p\u00e5 Voss. F\u00f8rem\u00e5let er \u00e5 laga ein samlingsstad for unge ut\u00f8varar som er interesserte i folkemusikk og folkdans og \u00e5 vera ein milj\u00f8skapar. Kurstilbodet er innan hardingfele, toradar, kveding og dans. Deltakarane er att\u00e5t \u00e5 vera p\u00e5 kurs publikum p\u00e5 familiekonsert under festivalen, er med p\u00e5 dans, og dei held sin eigen konsert. I 2019 vert UngOsa arrangert 25.-27.oktober, og me reknar med 60 deltakarar.<\/p>\n<p><a href=\"http:\/\/www.osafestivalen.no\/ungosa-2018\">Her<\/a> finn du p\u00e5meldingsskjema og meir informasjon<\/p>\n<p>Fylg UngOsa p\u00e5 facebook <a href=\"https:\/\/www.facebook.com\/UngOsa\/\">her<\/a><\/p>\n<p>Alle bileta er tekne av Ingerid Jordal<\/p>\n<p>UngOsa sine sponsorar og samarbeidspartnarar: Hordaland Fylkeskommune, Stiftinga for folkemusikk og folkedans, Voss kommune, Norsk Musikkr\u00e5d (Komp), Voss Sparebank, Hordaland Folkemusikklag, Hordaland Ungdomslag, Voss Veksel &#8211; og Landmandsbank ASA, Voss Vandrarheim og Osafestivalen.<\/p>\n<p>&nbsp;<\/p>\n<p>[\/et_pb_text][\/et_pb_column][\/et_pb_row][\/et_pb_section][et_pb_section fb_built=&#8221;1&#8243; _builder_version=&#8221;3.11&#8243; custom_padding=&#8221;0|0px|54px|0px|false|false&#8221;][et_pb_row use_custom_gutter=&#8221;on&#8221; gutter_width=&#8221;2&#8243; _builder_version=&#8221;3.11&#8243;][et_pb_column type=&#8221;2_3&#8243; _builder_version=&#8221;3.0.47&#8243;][et_pb_text _builder_version=&#8221;3.11&#8243; header_font=&#8221;||||||||&#8221; header_3_font=&#8221;||||||||&#8221; header_3_font_size=&#8221;28px&#8221; header_3_font_size_tablet=&#8221;24px&#8221; header_3_font_size_phone=&#8221;22px&#8221; header_3_font_size_last_edited=&#8221;on|phone&#8221; header_3_line_height=&#8221;1.3em&#8221;][\/et_pb_text][et_pb_text _builder_version=&#8221;3.11&#8243; text_font=&#8221;||||||||&#8221; text_text_color=&#8221;#191919&#8243; text_line_height=&#8221;2em&#8221;][\/et_pb_text][\/et_pb_column][et_pb_column type=&#8221;1_3&#8243; _builder_version=&#8221;3.0.47&#8243;][\/et_pb_column][\/et_pb_row][et_pb_row custom_padding=&#8221;50px|0px|27px|0px|false|false&#8221; _builder_version=&#8221;3.12&#8243;][et_pb_column type=&#8221;4_4&#8243; _builder_version=&#8221;3.0.47&#8243;][et_pb_gallery gallery_ids=&#8221;207869,207868,207905,207864&#8243; db_images_per_row=&#8221;4&#8243; db_image_row_spacing=&#8221;5px&#8221; show_title_and_caption=&#8221;off&#8221; show_pagination=&#8221;off&#8221; _builder_version=&#8221;3.17&#8243;][\/et_pb_gallery][\/et_pb_column][\/et_pb_row][\/et_pb_section]<\/p>\n","protected":false},"excerpt":{"rendered":"<p>UngOsaStorkurs for born og ungeUngOsa er eit helgekurs for born og unge (7-18 \u00e5r) under Osafestivalen p\u00e5 Voss. F\u00f8rem\u00e5let er \u00e5 laga ein samlingsstad for unge ut\u00f8varar som er interesserte i folkemusikk og folkdans og \u00e5 vera ein milj\u00f8skapar. Kurstilbodet er innan hardingfele, toradar, kveding og dans. Deltakarane er att\u00e5t \u00e5 vera p\u00e5 kurs publikum [&hellip;]<\/p>\n","protected":false},"author":1,"featured_media":207868,"parent":0,"menu_order":0,"comment_status":"closed","ping_status":"closed","template":"","meta":{"_et_pb_use_builder":"on","_et_pb_old_content":"","_et_gb_content_width":"","inline_featured_image":false,"footnotes":""},"class_list":["post-208226","page","type-page","status-publish","has-post-thumbnail","hentry"],"yoast_head":"<!-- This site is optimized with the Yoast SEO plugin v27.1.1 - https:\/\/yoast.com\/product\/yoast-seo-wordpress\/ -->\n<title>UngOsa - Hardingfela.no<\/title>\n<meta name=\"robots\" content=\"index, follow, max-snippet:-1, max-image-preview:large, max-video-preview:-1\" \/>\n<link rel=\"canonical\" href=\"https:\/\/hardingfela.no\/en\/ungosa\/\" \/>\n<meta property=\"og:locale\" content=\"en_US\" \/>\n<meta property=\"og:type\" content=\"article\" \/>\n<meta property=\"og:title\" content=\"UngOsa - Hardingfela.no\" \/>\n<meta property=\"og:description\" content=\"UngOsaStorkurs for born og ungeUngOsa er eit helgekurs for born og unge (7-18 \u00e5r) under Osafestivalen p\u00e5 Voss. F\u00f8rem\u00e5let er \u00e5 laga ein samlingsstad for unge ut\u00f8varar som er interesserte i folkemusikk og folkdans og \u00e5 vera ein milj\u00f8skapar. Kurstilbodet er innan hardingfele, toradar, kveding og dans. Deltakarane er att\u00e5t \u00e5 vera p\u00e5 kurs publikum [&hellip;]\" \/>\n<meta property=\"og:url\" content=\"https:\/\/hardingfela.no\/en\/ungosa\/\" \/>\n<meta property=\"og:site_name\" content=\"Hardingfela.no\" \/>\n<meta property=\"article:modified_time\" content=\"2019-06-25T09:31:47+00:00\" \/>\n<meta property=\"og:image\" content=\"https:\/\/hardingfela.no\/wp-content\/uploads\/2018\/12\/CM0A5474.jpg\" \/>\n\t<meta property=\"og:image:width\" content=\"2048\" \/>\n\t<meta property=\"og:image:height\" content=\"1365\" \/>\n\t<meta property=\"og:image:type\" content=\"image\/jpeg\" \/>\n<meta name=\"twitter:card\" content=\"summary_large_image\" \/>\n<meta name=\"twitter:label1\" content=\"Est. reading time\" \/>\n\t<meta name=\"twitter:data1\" content=\"3 minutes\" \/>\n<script type=\"application\/ld+json\" class=\"yoast-schema-graph\">{\"@context\":\"https:\/\/schema.org\",\"@graph\":[{\"@type\":\"WebPage\",\"@id\":\"https:\/\/hardingfela.no\/en\/ungosa\/\",\"url\":\"https:\/\/hardingfela.no\/en\/ungosa\/\",\"name\":\"UngOsa - Hardingfela.no\",\"isPartOf\":{\"@id\":\"https:\/\/hardingfela.no\/#website\"},\"primaryImageOfPage\":{\"@id\":\"https:\/\/hardingfela.no\/en\/ungosa\/#primaryimage\"},\"image\":{\"@id\":\"https:\/\/hardingfela.no\/en\/ungosa\/#primaryimage\"},\"thumbnailUrl\":\"https:\/\/hardingfela.no\/wp-content\/uploads\/2018\/12\/CM0A5474.jpg\",\"datePublished\":\"2018-10-15T09:43:32+00:00\",\"dateModified\":\"2019-06-25T09:31:47+00:00\",\"breadcrumb\":{\"@id\":\"https:\/\/hardingfela.no\/en\/ungosa\/#breadcrumb\"},\"inLanguage\":\"en-US\",\"potentialAction\":[{\"@type\":\"ReadAction\",\"target\":[\"https:\/\/hardingfela.no\/en\/ungosa\/\"]}]},{\"@type\":\"ImageObject\",\"inLanguage\":\"en-US\",\"@id\":\"https:\/\/hardingfela.no\/en\/ungosa\/#primaryimage\",\"url\":\"https:\/\/hardingfela.no\/wp-content\/uploads\/2018\/12\/CM0A5474.jpg\",\"contentUrl\":\"https:\/\/hardingfela.no\/wp-content\/uploads\/2018\/12\/CM0A5474.jpg\",\"width\":2048,\"height\":1365,\"caption\":\"UngOsa p\u00e5 Voss. Fotograf Ingerid Jordal\"},{\"@type\":\"BreadcrumbList\",\"@id\":\"https:\/\/hardingfela.no\/en\/ungosa\/#breadcrumb\",\"itemListElement\":[{\"@type\":\"ListItem\",\"position\":1,\"name\":\"Hjem\",\"item\":\"https:\/\/hardingfela.no\/en\/\"},{\"@type\":\"ListItem\",\"position\":2,\"name\":\"UngOsa\"}]},{\"@type\":\"WebSite\",\"@id\":\"https:\/\/hardingfela.no\/#website\",\"url\":\"https:\/\/hardingfela.no\/\",\"name\":\"Hardingfela.no\",\"description\":\"Hardanger og Voss museum\",\"potentialAction\":[{\"@type\":\"SearchAction\",\"target\":{\"@type\":\"EntryPoint\",\"urlTemplate\":\"https:\/\/hardingfela.no\/?s={search_term_string}\"},\"query-input\":{\"@type\":\"PropertyValueSpecification\",\"valueRequired\":true,\"valueName\":\"search_term_string\"}}],\"inLanguage\":\"en-US\"}]}<\/script>\n<!-- \/ Yoast SEO plugin. -->","yoast_head_json":{"title":"UngOsa - Hardingfela.no","robots":{"index":"index","follow":"follow","max-snippet":"max-snippet:-1","max-image-preview":"max-image-preview:large","max-video-preview":"max-video-preview:-1"},"canonical":"https:\/\/hardingfela.no\/en\/ungosa\/","og_locale":"en_US","og_type":"article","og_title":"UngOsa - Hardingfela.no","og_description":"UngOsaStorkurs for born og ungeUngOsa er eit helgekurs for born og unge (7-18 \u00e5r) under Osafestivalen p\u00e5 Voss. F\u00f8rem\u00e5let er \u00e5 laga ein samlingsstad for unge ut\u00f8varar som er interesserte i folkemusikk og folkdans og \u00e5 vera ein milj\u00f8skapar. Kurstilbodet er innan hardingfele, toradar, kveding og dans. Deltakarane er att\u00e5t \u00e5 vera p\u00e5 kurs publikum [&hellip;]","og_url":"https:\/\/hardingfela.no\/en\/ungosa\/","og_site_name":"Hardingfela.no","article_modified_time":"2019-06-25T09:31:47+00:00","og_image":[{"width":2048,"height":1365,"url":"https:\/\/hardingfela.no\/wp-content\/uploads\/2018\/12\/CM0A5474.jpg","type":"image\/jpeg"}],"twitter_card":"summary_large_image","twitter_misc":{"Est. reading time":"3 minutes"},"schema":{"@context":"https:\/\/schema.org","@graph":[{"@type":"WebPage","@id":"https:\/\/hardingfela.no\/en\/ungosa\/","url":"https:\/\/hardingfela.no\/en\/ungosa\/","name":"UngOsa - Hardingfela.no","isPartOf":{"@id":"https:\/\/hardingfela.no\/#website"},"primaryImageOfPage":{"@id":"https:\/\/hardingfela.no\/en\/ungosa\/#primaryimage"},"image":{"@id":"https:\/\/hardingfela.no\/en\/ungosa\/#primaryimage"},"thumbnailUrl":"https:\/\/hardingfela.no\/wp-content\/uploads\/2018\/12\/CM0A5474.jpg","datePublished":"2018-10-15T09:43:32+00:00","dateModified":"2019-06-25T09:31:47+00:00","breadcrumb":{"@id":"https:\/\/hardingfela.no\/en\/ungosa\/#breadcrumb"},"inLanguage":"en-US","potentialAction":[{"@type":"ReadAction","target":["https:\/\/hardingfela.no\/en\/ungosa\/"]}]},{"@type":"ImageObject","inLanguage":"en-US","@id":"https:\/\/hardingfela.no\/en\/ungosa\/#primaryimage","url":"https:\/\/hardingfela.no\/wp-content\/uploads\/2018\/12\/CM0A5474.jpg","contentUrl":"https:\/\/hardingfela.no\/wp-content\/uploads\/2018\/12\/CM0A5474.jpg","width":2048,"height":1365,"caption":"UngOsa p\u00e5 Voss. Fotograf Ingerid Jordal"},{"@type":"BreadcrumbList","@id":"https:\/\/hardingfela.no\/en\/ungosa\/#breadcrumb","itemListElement":[{"@type":"ListItem","position":1,"name":"Hjem","item":"https:\/\/hardingfela.no\/en\/"},{"@type":"ListItem","position":2,"name":"UngOsa"}]},{"@type":"WebSite","@id":"https:\/\/hardingfela.no\/#website","url":"https:\/\/hardingfela.no\/","name":"Hardingfela.no","description":"Hardanger og Voss museum","potentialAction":[{"@type":"SearchAction","target":{"@type":"EntryPoint","urlTemplate":"https:\/\/hardingfela.no\/?s={search_term_string}"},"query-input":{"@type":"PropertyValueSpecification","valueRequired":true,"valueName":"search_term_string"}}],"inLanguage":"en-US"}]}},"_links":{"self":[{"href":"https:\/\/hardingfela.no\/en\/wp-json\/wp\/v2\/pages\/208226","targetHints":{"allow":["GET"]}}],"collection":[{"href":"https:\/\/hardingfela.no\/en\/wp-json\/wp\/v2\/pages"}],"about":[{"href":"https:\/\/hardingfela.no\/en\/wp-json\/wp\/v2\/types\/page"}],"author":[{"embeddable":true,"href":"https:\/\/hardingfela.no\/en\/wp-json\/wp\/v2\/users\/1"}],"replies":[{"embeddable":true,"href":"https:\/\/hardingfela.no\/en\/wp-json\/wp\/v2\/comments?post=208226"}],"version-history":[{"count":0,"href":"https:\/\/hardingfela.no\/en\/wp-json\/wp\/v2\/pages\/208226\/revisions"}],"wp:featuredmedia":[{"embeddable":true,"href":"https:\/\/hardingfela.no\/en\/wp-json\/wp\/v2\/media\/207868"}],"wp:attachment":[{"href":"https:\/\/hardingfela.no\/en\/wp-json\/wp\/v2\/media?parent=208226"}],"curies":[{"name":"wp","href":"https:\/\/api.w.org\/{rel}","templated":true}]}}