{"id":208220,"date":"2018-10-14T23:42:43","date_gmt":"2018-10-14T21:42:43","guid":{"rendered":"https:\/\/hardingfela.no\/aktivitetar\/master-class-hardanger\/"},"modified":"2020-09-21T12:32:20","modified_gmt":"2020-09-21T10:32:20","slug":"master-class-hardanger","status":"publish","type":"page","link":"https:\/\/hardingfela.no\/en\/master-class-hardanger\/","title":{"rendered":"Master Class Hardanger"},"content":{"rendered":"<p>[et_pb_section fb_built=&#8221;1&#8243; _builder_version=&#8221;3.22&#8243; use_background_color_gradient=&#8221;on&#8221; background_color_gradient_start=&#8221;rgba(0,0,0,0.35)&#8221; background_color_gradient_end=&#8221;rgba(0,0,0,0.35)&#8221; background_color_gradient_overlays_image=&#8221;on&#8221; background_image=&#8221;https:\/\/hardingfela.no\/wp-content\/uploads\/2018\/12\/05.jpg&#8221; filter_brightness=&#8221;200%&#8221; filter_contrast=&#8221;90%&#8221;][et_pb_row _builder_version=&#8221;3.25&#8243;][et_pb_column type=&#8221;4_4&#8243; _builder_version=&#8221;3.25&#8243; custom_padding=&#8221;|||&#8221; custom_padding__hover=&#8221;|||&#8221;][et_pb_text _builder_version=&#8221;3.27.4&#8243; header_font=&#8221;|700|||||||&#8221; header_text_align=&#8221;center&#8221; header_text_color=&#8221;#ffffff&#8221; header_font_size=&#8221;62px&#8221; header_letter_spacing=&#8221;3px&#8221; header_line_height=&#8221;1.3em&#8221; module_alignment=&#8221;center&#8221; custom_margin=&#8221;75px||20px|&#8221; custom_margin_tablet=&#8221;&#8221; custom_margin_phone=&#8221;35px||10px|&#8221; custom_margin_last_edited=&#8221;on|phone&#8221; header_font_size_tablet=&#8221;42px&#8221; header_font_size_phone=&#8221;28px&#8221; header_font_size_last_edited=&#8221;on|phone&#8221;]<\/p>\n<h1>Master Class Hardanger<\/h1>\n<p>[\/et_pb_text][\/et_pb_column][\/et_pb_row][\/et_pb_section][et_pb_section fb_built=&#8221;1&#8243; _builder_version=&#8221;3.22&#8243; custom_padding=&#8221;54px|0px|0|0px|false|false&#8221;][et_pb_row use_custom_gutter=&#8221;on&#8221; gutter_width=&#8221;2&#8243; _builder_version=&#8221;3.25&#8243; column_structure=&#8221;2_3,1_3&#8243;][et_pb_column type=&#8221;2_3&#8243; _builder_version=&#8221;3.25&#8243; custom_padding=&#8221;|||&#8221; custom_padding__hover=&#8221;|||&#8221;][et_pb_text _builder_version=&#8221;3.27.4&#8243; header_font=&#8221;||||||||&#8221; header_3_font=&#8221;||||||||&#8221; header_3_font_size=&#8221;28px&#8221; header_3_line_height=&#8221;1.3em&#8221; header_3_font_size_tablet=&#8221;24px&#8221; header_3_font_size_phone=&#8221;22px&#8221; header_3_font_size_last_edited=&#8221;on|phone&#8221;][\/et_pb_text][et_pb_text _builder_version=&#8221;3.27.4&#8243; text_font=&#8221;||||||||&#8221; text_text_color=&#8221;#191919&#8243; text_line_height=&#8221;2em&#8221;][\/et_pb_text][\/et_pb_column][et_pb_column type=&#8221;1_3&#8243; _builder_version=&#8221;3.25&#8243; custom_padding=&#8221;|||&#8221; custom_padding__hover=&#8221;|||&#8221;][\/et_pb_column][\/et_pb_row][et_pb_row _builder_version=&#8221;3.25&#8243; custom_padding=&#8221;27px|0px|0|0px|false|false&#8221; column_structure=&#8221;1_2,1_2&#8243;][et_pb_column type=&#8221;1_2&#8243; _builder_version=&#8221;3.25&#8243; custom_padding=&#8221;|||&#8221; custom_padding__hover=&#8221;|||&#8221;][et_pb_image src=&#8221;https:\/\/hardingfela.no\/wp-content\/uploads\/2018\/10\/Knut-Hamre-foto-Elisabeth-Emmerhoff.jpeg&#8221; align_tablet=&#8221;center&#8221; align_last_edited=&#8221;on|desktop&#8221; _builder_version=&#8221;3.23&#8243; filter_brightness=&#8221;189%&#8221; filter_contrast=&#8221;92%&#8221;][\/et_pb_image][\/et_pb_column][et_pb_column type=&#8221;1_2&#8243; _builder_version=&#8221;3.25&#8243; custom_padding=&#8221;35px|||&#8221; custom_padding__hover=&#8221;|||&#8221;][et_pb_text _builder_version=&#8221;3.27.4&#8243; header_font_size=&#8221;39px&#8221; header_2_font_size=&#8221;38px&#8221; header_2_line_height=&#8221;1.3em&#8221; header_2_font_size_tablet=&#8221;32px&#8221; header_2_font_size_phone=&#8221;26px&#8221; header_2_font_size_last_edited=&#8221;on|phone&#8221;]<\/p>\n<h2>\u00c5 f\u00e5 l\u00e6ra av meistrane<\/h2>\n<p>[\/et_pb_text][et_pb_text _builder_version=&#8221;3.27.4&#8243; text_font=&#8221;||||||||&#8221; text_text_color=&#8221;#191919&#8243; text_line_height=&#8221;2em&#8221;]<\/p>\n<p><em>Master Class Hardanger &#8211; Hardingfele<\/em><\/p>\n<p>\u00a0<span style=\"font-size: 14px\">Master Class Hardanger &#8211; hardingfele starta i 2013. Kriteria for \u00e5 vera med er at ein er hardingfelespelar p\u00e5 16 \u00e5r eller meir. Inntil \u00e5tte heldige utvalde f\u00e5r tilbod om ti individuelle enkelttimar med hovudl\u00e6rar Knut Hamre, ein av v\u00e5re aller fremste ut\u00f8varar og pedagogar p\u00e5 hardingfele. I tillegg vert deltakarane inviterte med p\u00e5 to inspirerande helgesamlingar. Over 50 ut\u00f8varar har til no vore med p\u00e5 Master Class Hardanger &#8211; Hardingfele. Fr\u00e5 og med 2018 opna me opp for at ogs\u00e5 ut\u00f8varar p\u00e5 andre instrument kan s\u00f8kje dersom dei ynskjer \u00e5 ta eit djupdykk i tradisjonen som Knut Hamre representerer. Neste utlysing vert i juni 2019.<\/span><\/p>\n<p><span lang=\"NO-NYN\"><em>&#8211; \u00c5 l\u00e6ra spelet vidare til nye generasjonar er det viktigaste eg driv med. Men ofte kan kulturskuletimane kjennast for korte. I master class-programmet f\u00e5r me betre tid til \u00e5 fordjupa oss i musikken. Det vert litt meir som p\u00e5 gamlem\u00e5ten, d\u00e5 unge og gamle spelemenn sat i spelstovene og l\u00e6rte av kvarandre &#8211;<\/em> Knut Hamre<\/span><\/p>\n<p>\u00a0<span style=\"font-size: 14px\">Les meir om Knut Hamre <\/span><a href=\"https:\/\/folkorg.no\/kommandor-av-st-olavs-orden-tildeles-knut-hamre\/\" style=\"font-size: 14px\">her<\/a><\/p>\n<p>\u00a0<span style=\"font-size: 14px\">Fylg Master Class Hardanger p\u00e5 facebook <\/span><a href=\"https:\/\/www.facebook.com\/MasterClassHardanger\/\" style=\"font-size: 14px\">her<\/a><\/p>\n<p><em style=\"font-size: 14px\"><\/em><\/p>\n<p><em style=\"font-size: 14px\">Master Class Hardanger &#8211; vokal<\/em><\/p>\n<p>\u00a0<span style=\"font-size: 14px\">Master Class Hardanger &#8211; vokal starta i 2018, og vert lyst ut annakvart \u00e5r. Hovudl\u00e6rar her er Berit Opheim, ein av v\u00e5re\u00a0<\/span><span style=\"font-size: 14px\">beste songarar og formidlar av norsk songtradisjon. Fem elevar fr\u00e5 ti timar kvar med Berit og tilbod om helgesamlingar.\u00a0<\/span><span style=\"font-size: 14px\">I Master Class Hardanger \u2013 Vokal ynskjer Berit \u00e5 fokusera mest p\u00e5 songtradisjonane i omr\u00e5da Hardanger, Voss og Sogn.<\/span><\/p>\n<p><span style=\"font-size: 14px\">Les meir om Berit Opheim <a href=\"https:\/\/no.wikipedia.org\/wiki\/Berit_Opheim\">her<\/a><\/span><\/p>\n<p>&nbsp;<\/p>\n<p><em><\/em><\/p>\n<p>&nbsp;<\/p>\n<p>&nbsp;<\/p>\n<p>&nbsp;<\/p>\n<p>&nbsp;<\/p>\n<p>&nbsp;<\/p>\n<p>&nbsp;<\/p>\n<p>&nbsp;<\/p>\n<p>[\/et_pb_text][\/et_pb_column][\/et_pb_row][\/et_pb_section][et_pb_section fb_built=&#8221;1&#8243; _builder_version=&#8221;3.22&#8243; custom_padding=&#8221;0|0px|54px|0px|false|false&#8221;][et_pb_row _builder_version=&#8221;3.25&#8243; custom_padding=&#8221;50px|0px|27px|0px|false|false&#8221;][et_pb_column type=&#8221;4_4&#8243; _builder_version=&#8221;3.25&#8243; custom_padding=&#8221;|||&#8221; custom_padding__hover=&#8221;|||&#8221;][et_pb_gallery gallery_ids=&#8221;207861,207935,207934,207933,207620,207998,207622,207999,207997&#8243; show_title_and_caption=&#8221;off&#8221; show_pagination=&#8221;off&#8221; _builder_version=&#8221;3.17&#8243;][\/et_pb_gallery][\/et_pb_column][\/et_pb_row][\/et_pb_section]<\/p>\n","protected":false},"excerpt":{"rendered":"<p>[et_pb_section fb_built=&#8221;1&#8243; _builder_version=&#8221;3.22&#8243; use_background_color_gradient=&#8221;on&#8221; background_color_gradient_start=&#8221;rgba(0,0,0,0.35)&#8221; background_color_gradient_end=&#8221;rgba(0,0,0,0.35)&#8221; background_color_gradient_overlays_image=&#8221;on&#8221; background_image=&#8221;https:\/\/hardingfela.no\/wp-content\/uploads\/2018\/12\/05.jpg&#8221; filter_brightness=&#8221;200%&#8221; filter_contrast=&#8221;90%&#8221;][et_pb_row _builder_version=&#8221;3.25&#8243;][et_pb_column type=&#8221;4_4&#8243; _builder_version=&#8221;3.25&#8243; custom_padding=&#8221;|||&#8221; custom_padding__hover=&#8221;|||&#8221;][et_pb_text _builder_version=&#8221;3.27.4&#8243; header_font=&#8221;|700|||||||&#8221; header_text_align=&#8221;center&#8221; header_text_color=&#8221;#ffffff&#8221; header_font_size=&#8221;62px&#8221; header_letter_spacing=&#8221;3px&#8221; header_line_height=&#8221;1.3em&#8221; module_alignment=&#8221;center&#8221; custom_margin=&#8221;75px||20px|&#8221; custom_margin_tablet=&#8221;&#8221; custom_margin_phone=&#8221;35px||10px|&#8221; custom_margin_last_edited=&#8221;on|phone&#8221; header_font_size_tablet=&#8221;42px&#8221; header_font_size_phone=&#8221;28px&#8221; header_font_size_last_edited=&#8221;on|phone&#8221;] Master Class Hardanger [\/et_pb_text][\/et_pb_column][\/et_pb_row][\/et_pb_section][et_pb_section fb_built=&#8221;1&#8243; _builder_version=&#8221;3.22&#8243; custom_padding=&#8221;54px|0px|0|0px|false|false&#8221;][et_pb_row use_custom_gutter=&#8221;on&#8221; gutter_width=&#8221;2&#8243; _builder_version=&#8221;3.25&#8243; column_structure=&#8221;2_3,1_3&#8243;][et_pb_column type=&#8221;2_3&#8243; _builder_version=&#8221;3.25&#8243; custom_padding=&#8221;|||&#8221; custom_padding__hover=&#8221;|||&#8221;][et_pb_text _builder_version=&#8221;3.27.4&#8243; header_font=&#8221;||||||||&#8221; header_3_font=&#8221;||||||||&#8221; header_3_font_size=&#8221;28px&#8221; header_3_line_height=&#8221;1.3em&#8221; header_3_font_size_tablet=&#8221;24px&#8221; header_3_font_size_phone=&#8221;22px&#8221; header_3_font_size_last_edited=&#8221;on|phone&#8221;][\/et_pb_text][et_pb_text _builder_version=&#8221;3.27.4&#8243; text_font=&#8221;||||||||&#8221; [&hellip;]<\/p>\n","protected":false},"author":1,"featured_media":207848,"parent":0,"menu_order":0,"comment_status":"closed","ping_status":"closed","template":"","meta":{"_et_pb_use_builder":"off","_et_pb_old_content":"","_et_gb_content_width":"","inline_featured_image":false,"footnotes":""},"class_list":["post-208220","page","type-page","status-publish","has-post-thumbnail","hentry"],"yoast_head":"<!-- This site is optimized with the Yoast SEO plugin v27.1.1 - https:\/\/yoast.com\/product\/yoast-seo-wordpress\/ -->\n<title>Master Class Hardanger - Hardingfela.no<\/title>\n<meta name=\"robots\" content=\"index, follow, max-snippet:-1, max-image-preview:large, max-video-preview:-1\" \/>\n<link rel=\"canonical\" href=\"https:\/\/hardingfela.no\/en\/master-class-hardanger\/\" \/>\n<meta property=\"og:locale\" content=\"en_US\" \/>\n<meta property=\"og:type\" content=\"article\" \/>\n<meta property=\"og:title\" content=\"Master Class Hardanger - Hardingfela.no\" \/>\n<meta property=\"og:description\" content=\"[et_pb_section fb_built=&#8221;1&#8243; _builder_version=&#8221;3.22&#8243; use_background_color_gradient=&#8221;on&#8221; background_color_gradient_start=&#8221;rgba(0,0,0,0.35)&#8221; background_color_gradient_end=&#8221;rgba(0,0,0,0.35)&#8221; background_color_gradient_overlays_image=&#8221;on&#8221; background_image=&#8221;https:\/\/hardingfela.no\/wp-content\/uploads\/2018\/12\/05.jpg&#8221; filter_brightness=&#8221;200%&#8221; filter_contrast=&#8221;90%&#8221;][et_pb_row _builder_version=&#8221;3.25&#8243;][et_pb_column type=&#8221;4_4&#8243; _builder_version=&#8221;3.25&#8243; custom_padding=&#8221;|||&#8221; custom_padding__hover=&#8221;|||&#8221;][et_pb_text _builder_version=&#8221;3.27.4&#8243; header_font=&#8221;|700|||||||&#8221; header_text_align=&#8221;center&#8221; header_text_color=&#8221;#ffffff&#8221; header_font_size=&#8221;62px&#8221; header_letter_spacing=&#8221;3px&#8221; header_line_height=&#8221;1.3em&#8221; module_alignment=&#8221;center&#8221; custom_margin=&#8221;75px||20px|&#8221; custom_margin_tablet=&#8221;&#8221; custom_margin_phone=&#8221;35px||10px|&#8221; custom_margin_last_edited=&#8221;on|phone&#8221; header_font_size_tablet=&#8221;42px&#8221; header_font_size_phone=&#8221;28px&#8221; header_font_size_last_edited=&#8221;on|phone&#8221;] Master Class Hardanger [\/et_pb_text][\/et_pb_column][\/et_pb_row][\/et_pb_section][et_pb_section fb_built=&#8221;1&#8243; _builder_version=&#8221;3.22&#8243; custom_padding=&#8221;54px|0px|0|0px|false|false&#8221;][et_pb_row use_custom_gutter=&#8221;on&#8221; gutter_width=&#8221;2&#8243; _builder_version=&#8221;3.25&#8243; column_structure=&#8221;2_3,1_3&#8243;][et_pb_column type=&#8221;2_3&#8243; _builder_version=&#8221;3.25&#8243; custom_padding=&#8221;|||&#8221; custom_padding__hover=&#8221;|||&#8221;][et_pb_text _builder_version=&#8221;3.27.4&#8243; header_font=&#8221;||||||||&#8221; header_3_font=&#8221;||||||||&#8221; header_3_font_size=&#8221;28px&#8221; header_3_line_height=&#8221;1.3em&#8221; header_3_font_size_tablet=&#8221;24px&#8221; header_3_font_size_phone=&#8221;22px&#8221; header_3_font_size_last_edited=&#8221;on|phone&#8221;][\/et_pb_text][et_pb_text _builder_version=&#8221;3.27.4&#8243; text_font=&#8221;||||||||&#8221; [&hellip;]\" \/>\n<meta property=\"og:url\" content=\"https:\/\/hardingfela.no\/en\/master-class-hardanger\/\" \/>\n<meta property=\"og:site_name\" content=\"Hardingfela.no\" \/>\n<meta property=\"article:modified_time\" content=\"2020-09-21T10:32:20+00:00\" \/>\n<meta property=\"og:image\" content=\"https:\/\/hardingfela.no\/wp-content\/uploads\/2018\/10\/Berit-Opheim.jpg\" \/>\n\t<meta property=\"og:image:width\" content=\"453\" \/>\n\t<meta property=\"og:image:height\" content=\"493\" \/>\n\t<meta property=\"og:image:type\" content=\"image\/jpeg\" \/>\n<meta name=\"twitter:card\" content=\"summary_large_image\" \/>\n<meta name=\"twitter:label1\" content=\"Est. reading time\" \/>\n\t<meta name=\"twitter:data1\" content=\"4 minutes\" \/>\n<script type=\"application\/ld+json\" class=\"yoast-schema-graph\">{\"@context\":\"https:\/\/schema.org\",\"@graph\":[{\"@type\":\"WebPage\",\"@id\":\"https:\/\/hardingfela.no\/en\/master-class-hardanger\/\",\"url\":\"https:\/\/hardingfela.no\/en\/master-class-hardanger\/\",\"name\":\"Master Class Hardanger - Hardingfela.no\",\"isPartOf\":{\"@id\":\"https:\/\/hardingfela.no\/#website\"},\"primaryImageOfPage\":{\"@id\":\"https:\/\/hardingfela.no\/en\/master-class-hardanger\/#primaryimage\"},\"image\":{\"@id\":\"https:\/\/hardingfela.no\/en\/master-class-hardanger\/#primaryimage\"},\"thumbnailUrl\":\"https:\/\/hardingfela.no\/wp-content\/uploads\/2018\/10\/Berit-Opheim.jpg\",\"datePublished\":\"2018-10-14T21:42:43+00:00\",\"dateModified\":\"2020-09-21T10:32:20+00:00\",\"breadcrumb\":{\"@id\":\"https:\/\/hardingfela.no\/en\/master-class-hardanger\/#breadcrumb\"},\"inLanguage\":\"en-US\",\"potentialAction\":[{\"@type\":\"ReadAction\",\"target\":[\"https:\/\/hardingfela.no\/en\/master-class-hardanger\/\"]}]},{\"@type\":\"ImageObject\",\"inLanguage\":\"en-US\",\"@id\":\"https:\/\/hardingfela.no\/en\/master-class-hardanger\/#primaryimage\",\"url\":\"https:\/\/hardingfela.no\/wp-content\/uploads\/2018\/10\/Berit-Opheim.jpg\",\"contentUrl\":\"https:\/\/hardingfela.no\/wp-content\/uploads\/2018\/10\/Berit-Opheim.jpg\",\"width\":453,\"height\":493},{\"@type\":\"BreadcrumbList\",\"@id\":\"https:\/\/hardingfela.no\/en\/master-class-hardanger\/#breadcrumb\",\"itemListElement\":[{\"@type\":\"ListItem\",\"position\":1,\"name\":\"Hjem\",\"item\":\"https:\/\/hardingfela.no\/en\/\"},{\"@type\":\"ListItem\",\"position\":2,\"name\":\"Master Class Hardanger\"}]},{\"@type\":\"WebSite\",\"@id\":\"https:\/\/hardingfela.no\/#website\",\"url\":\"https:\/\/hardingfela.no\/\",\"name\":\"Hardingfela.no\",\"description\":\"Hardanger og Voss museum\",\"potentialAction\":[{\"@type\":\"SearchAction\",\"target\":{\"@type\":\"EntryPoint\",\"urlTemplate\":\"https:\/\/hardingfela.no\/?s={search_term_string}\"},\"query-input\":{\"@type\":\"PropertyValueSpecification\",\"valueRequired\":true,\"valueName\":\"search_term_string\"}}],\"inLanguage\":\"en-US\"}]}<\/script>\n<!-- \/ Yoast SEO plugin. -->","yoast_head_json":{"title":"Master Class Hardanger - Hardingfela.no","robots":{"index":"index","follow":"follow","max-snippet":"max-snippet:-1","max-image-preview":"max-image-preview:large","max-video-preview":"max-video-preview:-1"},"canonical":"https:\/\/hardingfela.no\/en\/master-class-hardanger\/","og_locale":"en_US","og_type":"article","og_title":"Master Class Hardanger - Hardingfela.no","og_description":"[et_pb_section fb_built=&#8221;1&#8243; _builder_version=&#8221;3.22&#8243; use_background_color_gradient=&#8221;on&#8221; background_color_gradient_start=&#8221;rgba(0,0,0,0.35)&#8221; background_color_gradient_end=&#8221;rgba(0,0,0,0.35)&#8221; background_color_gradient_overlays_image=&#8221;on&#8221; background_image=&#8221;https:\/\/hardingfela.no\/wp-content\/uploads\/2018\/12\/05.jpg&#8221; filter_brightness=&#8221;200%&#8221; filter_contrast=&#8221;90%&#8221;][et_pb_row _builder_version=&#8221;3.25&#8243;][et_pb_column type=&#8221;4_4&#8243; _builder_version=&#8221;3.25&#8243; custom_padding=&#8221;|||&#8221; custom_padding__hover=&#8221;|||&#8221;][et_pb_text _builder_version=&#8221;3.27.4&#8243; header_font=&#8221;|700|||||||&#8221; header_text_align=&#8221;center&#8221; header_text_color=&#8221;#ffffff&#8221; header_font_size=&#8221;62px&#8221; header_letter_spacing=&#8221;3px&#8221; header_line_height=&#8221;1.3em&#8221; module_alignment=&#8221;center&#8221; custom_margin=&#8221;75px||20px|&#8221; custom_margin_tablet=&#8221;&#8221; custom_margin_phone=&#8221;35px||10px|&#8221; custom_margin_last_edited=&#8221;on|phone&#8221; header_font_size_tablet=&#8221;42px&#8221; header_font_size_phone=&#8221;28px&#8221; header_font_size_last_edited=&#8221;on|phone&#8221;] Master Class Hardanger [\/et_pb_text][\/et_pb_column][\/et_pb_row][\/et_pb_section][et_pb_section fb_built=&#8221;1&#8243; _builder_version=&#8221;3.22&#8243; custom_padding=&#8221;54px|0px|0|0px|false|false&#8221;][et_pb_row use_custom_gutter=&#8221;on&#8221; gutter_width=&#8221;2&#8243; _builder_version=&#8221;3.25&#8243; column_structure=&#8221;2_3,1_3&#8243;][et_pb_column type=&#8221;2_3&#8243; _builder_version=&#8221;3.25&#8243; custom_padding=&#8221;|||&#8221; custom_padding__hover=&#8221;|||&#8221;][et_pb_text _builder_version=&#8221;3.27.4&#8243; header_font=&#8221;||||||||&#8221; header_3_font=&#8221;||||||||&#8221; header_3_font_size=&#8221;28px&#8221; header_3_line_height=&#8221;1.3em&#8221; header_3_font_size_tablet=&#8221;24px&#8221; header_3_font_size_phone=&#8221;22px&#8221; header_3_font_size_last_edited=&#8221;on|phone&#8221;][\/et_pb_text][et_pb_text _builder_version=&#8221;3.27.4&#8243; text_font=&#8221;||||||||&#8221; [&hellip;]","og_url":"https:\/\/hardingfela.no\/en\/master-class-hardanger\/","og_site_name":"Hardingfela.no","article_modified_time":"2020-09-21T10:32:20+00:00","og_image":[{"width":453,"height":493,"url":"https:\/\/hardingfela.no\/wp-content\/uploads\/2018\/10\/Berit-Opheim.jpg","type":"image\/jpeg"}],"twitter_card":"summary_large_image","twitter_misc":{"Est. reading time":"4 minutes"},"schema":{"@context":"https:\/\/schema.org","@graph":[{"@type":"WebPage","@id":"https:\/\/hardingfela.no\/en\/master-class-hardanger\/","url":"https:\/\/hardingfela.no\/en\/master-class-hardanger\/","name":"Master Class Hardanger - Hardingfela.no","isPartOf":{"@id":"https:\/\/hardingfela.no\/#website"},"primaryImageOfPage":{"@id":"https:\/\/hardingfela.no\/en\/master-class-hardanger\/#primaryimage"},"image":{"@id":"https:\/\/hardingfela.no\/en\/master-class-hardanger\/#primaryimage"},"thumbnailUrl":"https:\/\/hardingfela.no\/wp-content\/uploads\/2018\/10\/Berit-Opheim.jpg","datePublished":"2018-10-14T21:42:43+00:00","dateModified":"2020-09-21T10:32:20+00:00","breadcrumb":{"@id":"https:\/\/hardingfela.no\/en\/master-class-hardanger\/#breadcrumb"},"inLanguage":"en-US","potentialAction":[{"@type":"ReadAction","target":["https:\/\/hardingfela.no\/en\/master-class-hardanger\/"]}]},{"@type":"ImageObject","inLanguage":"en-US","@id":"https:\/\/hardingfela.no\/en\/master-class-hardanger\/#primaryimage","url":"https:\/\/hardingfela.no\/wp-content\/uploads\/2018\/10\/Berit-Opheim.jpg","contentUrl":"https:\/\/hardingfela.no\/wp-content\/uploads\/2018\/10\/Berit-Opheim.jpg","width":453,"height":493},{"@type":"BreadcrumbList","@id":"https:\/\/hardingfela.no\/en\/master-class-hardanger\/#breadcrumb","itemListElement":[{"@type":"ListItem","position":1,"name":"Hjem","item":"https:\/\/hardingfela.no\/en\/"},{"@type":"ListItem","position":2,"name":"Master Class Hardanger"}]},{"@type":"WebSite","@id":"https:\/\/hardingfela.no\/#website","url":"https:\/\/hardingfela.no\/","name":"Hardingfela.no","description":"Hardanger og Voss museum","potentialAction":[{"@type":"SearchAction","target":{"@type":"EntryPoint","urlTemplate":"https:\/\/hardingfela.no\/?s={search_term_string}"},"query-input":{"@type":"PropertyValueSpecification","valueRequired":true,"valueName":"search_term_string"}}],"inLanguage":"en-US"}]}},"_links":{"self":[{"href":"https:\/\/hardingfela.no\/en\/wp-json\/wp\/v2\/pages\/208220","targetHints":{"allow":["GET"]}}],"collection":[{"href":"https:\/\/hardingfela.no\/en\/wp-json\/wp\/v2\/pages"}],"about":[{"href":"https:\/\/hardingfela.no\/en\/wp-json\/wp\/v2\/types\/page"}],"author":[{"embeddable":true,"href":"https:\/\/hardingfela.no\/en\/wp-json\/wp\/v2\/users\/1"}],"replies":[{"embeddable":true,"href":"https:\/\/hardingfela.no\/en\/wp-json\/wp\/v2\/comments?post=208220"}],"version-history":[{"count":0,"href":"https:\/\/hardingfela.no\/en\/wp-json\/wp\/v2\/pages\/208220\/revisions"}],"wp:featuredmedia":[{"embeddable":true,"href":"https:\/\/hardingfela.no\/en\/wp-json\/wp\/v2\/media\/207848"}],"wp:attachment":[{"href":"https:\/\/hardingfela.no\/en\/wp-json\/wp\/v2\/media?parent=208220"}],"curies":[{"name":"wp","href":"https:\/\/api.w.org\/{rel}","templated":true}]}}