{"id":208216,"date":"2018-10-15T11:45:00","date_gmt":"2018-10-15T09:45:00","guid":{"rendered":"https:\/\/hardingfela.no\/kartlegging-av-instruktorar\/"},"modified":"2019-08-07T14:45:43","modified_gmt":"2019-08-07T12:45:43","slug":"kartlegging-av-instruktorar","status":"publish","type":"page","link":"https:\/\/hardingfela.no\/en\/kartlegging-av-instruktorar\/","title":{"rendered":"Kartlegging av instrukt\u00f8rar"},"content":{"rendered":"<p>[et_pb_section fb_built=&#8221;1&#8243; _builder_version=&#8221;3.22&#8243; use_background_color_gradient=&#8221;on&#8221; background_color_gradient_start=&#8221;rgba(0,0,0,0.35)&#8221; background_color_gradient_end=&#8221;rgba(0,0,0,0.35)&#8221; background_color_gradient_overlays_image=&#8221;on&#8221; background_image=&#8221;https:\/\/hardingfela.no\/wp-content\/uploads\/2018\/12\/1.jpg&#8221; filter_brightness=&#8221;132%&#8221;][et_pb_row _builder_version=&#8221;3.25&#8243;][et_pb_column type=&#8221;4_4&#8243; _builder_version=&#8221;3.25&#8243; custom_padding=&#8221;|||&#8221; custom_padding__hover=&#8221;|||&#8221;][et_pb_text _builder_version=&#8221;3.11&#8243; header_font=&#8221;|700|||||||&#8221; header_text_align=&#8221;center&#8221; header_text_color=&#8221;#ffffff&#8221; header_font_size=&#8221;62px&#8221; header_letter_spacing=&#8221;3px&#8221; header_line_height=&#8221;1.3em&#8221; module_alignment=&#8221;center&#8221; custom_margin=&#8221;75px||20px|&#8221; custom_margin_phone=&#8221;35px||10px|&#8221; custom_margin_last_edited=&#8221;on|phone&#8221; header_font_size_tablet=&#8221;42px&#8221; header_font_size_phone=&#8221;28px&#8221; header_font_size_last_edited=&#8221;on|phone&#8221;]<\/p>\n<h1>Kartlegging av instrukt\u00f8rar<\/h1>\n<p>[\/et_pb_text][\/et_pb_column][\/et_pb_row][\/et_pb_section][et_pb_section fb_built=&#8221;1&#8243; _builder_version=&#8221;3.22&#8243; custom_padding=&#8221;54px|0px|0|0px|false|false&#8221;][et_pb_row _builder_version=&#8221;3.25&#8243; column_structure=&#8221;1_2,1_2&#8243;][et_pb_column type=&#8221;1_2&#8243; _builder_version=&#8221;3.25&#8243; custom_padding=&#8221;|||&#8221; custom_padding__hover=&#8221;|||&#8221;][et_pb_image src=&#8221;https:\/\/hardingfela.no\/wp-content\/uploads\/2018\/12\/CM0A5742.jpg&#8221; align_tablet=&#8221;center&#8221; align_last_edited=&#8221;on|desktop&#8221; _builder_version=&#8221;3.23&#8243; filter_brightness=&#8221;109%&#8221;][\/et_pb_image][\/et_pb_column][et_pb_column type=&#8221;1_2&#8243; _builder_version=&#8221;3.25&#8243; custom_padding=&#8221;35px|||&#8221; custom_padding__hover=&#8221;|||&#8221;][et_pb_text _builder_version=&#8221;3.17&#8243; header_font_size=&#8221;39px&#8221; header_2_font_size=&#8221;38px&#8221; header_2_line_height=&#8221;1.3em&#8221; header_2_font_size_tablet=&#8221;32px&#8221; header_2_font_size_phone=&#8221;26px&#8221; header_2_font_size_last_edited=&#8221;on|phone&#8221;]<\/p>\n<h2>Katalog over instrukt\u00f8rar innan folkemusikk og folkedans<\/h2>\n<p>[\/et_pb_text][et_pb_text _builder_version=&#8221;3.17&#8243; text_font=&#8221;||||||||&#8221; text_text_color=&#8221;#191919&#8243; text_line_height=&#8221;2em&#8221;]<\/p>\n<p>Hardingfela.no ynskjer \u00e5 hjelpa arrang\u00f8rar av kurs og liknande innan folkemusikk og folkedans i Hordaland med \u00e5 finna aktive instrukt\u00f8rar. Me har difor starta \u00e5 utarbeida ein instrukt\u00f8rkatalog fordelt p\u00e5 kategoriane durspel\/trekkspel, dans, kveding og hardingfele\/fele. Silje Solberg har vore leigd inn til \u00e5 gjera registreringa. Dei som er p\u00e5 jakt etter instrukt\u00f8rar kan nytta listene som eit utgangspunkt og kontakta dei namna dei ynskjer direkte.<\/p>\n<p>Me ynskjer \u00e5 understreka at listene p\u00e5 ingen m\u00e5te er fullstendige og endelege. Saknar du namnet ditt p\u00e5 lista s\u00e5 ta kontakt!<\/p>\n<p><a href=\"https:\/\/hardingfela.no\/wp-content\/uploads\/2019\/01\/Hardingfele.pdf\" rel=\"attachment wp-att-207551\">Hardingfeleinstrukt\u00f8rar<\/a>\u00a0\u00a0<\/p>\n<p><a href=\"https:\/\/hardingfela.no\/wp-content\/uploads\/2019\/01\/Dans.pdf\" rel=\"attachment wp-att-207552\">Danseinstrukt\u00f8rar<\/a>\u00a0\u00a0<\/p>\n<p><a href=\"https:\/\/hardingfela.no\/wp-content\/uploads\/2019\/01\/Kveding.pdf\" rel=\"attachment wp-att-207563\">Kveding<\/a><\/p>\n<p><a href=\"https:\/\/hardingfela.no\/wp-content\/uploads\/2019\/01\/Durspel-og-trekkspel.pdf\" rel=\"attachment wp-att-207553\">Durspel og trekkspel<\/a><\/p>\n<p>[\/et_pb_text][\/et_pb_column][\/et_pb_row][\/et_pb_section][et_pb_section fb_built=&#8221;1&#8243; _builder_version=&#8221;3.22&#8243; custom_padding=&#8221;0|0px|54px|0px|false|false&#8221;][et_pb_row use_custom_gutter=&#8221;on&#8221; gutter_width=&#8221;2&#8243; _builder_version=&#8221;3.25&#8243; column_structure=&#8221;2_3,1_3&#8243;][et_pb_column type=&#8221;2_3&#8243; _builder_version=&#8221;3.25&#8243; custom_padding=&#8221;|||&#8221; custom_padding__hover=&#8221;|||&#8221;][et_pb_text _builder_version=&#8221;3.11&#8243; header_font=&#8221;||||||||&#8221; header_3_font=&#8221;||||||||&#8221; header_3_font_size=&#8221;28px&#8221; header_3_line_height=&#8221;1.3em&#8221; header_3_font_size_tablet=&#8221;24px&#8221; header_3_font_size_phone=&#8221;22px&#8221; header_3_font_size_last_edited=&#8221;on|phone&#8221;][\/et_pb_text][et_pb_text _builder_version=&#8221;3.11&#8243; text_font=&#8221;||||||||&#8221; text_text_color=&#8221;#191919&#8243; text_line_height=&#8221;2em&#8221;][\/et_pb_text][\/et_pb_column][et_pb_column type=&#8221;1_3&#8243; _builder_version=&#8221;3.25&#8243; custom_padding=&#8221;|||&#8221; custom_padding__hover=&#8221;|||&#8221;][\/et_pb_column][\/et_pb_row][et_pb_row _builder_version=&#8221;3.25&#8243; custom_padding=&#8221;50px|0px|27px|0px|false|false&#8221;][et_pb_column type=&#8221;4_4&#8243; _builder_version=&#8221;3.25&#8243; custom_padding=&#8221;|||&#8221; custom_padding__hover=&#8221;|||&#8221;][et_pb_gallery gallery_ids=&#8221;62,207620,207622,207899,207897,207976,207987&#8243; db_images_per_row=&#8221;4&#8243; db_image_row_spacing=&#8221;5px&#8221; show_title_and_caption=&#8221;off&#8221; show_pagination=&#8221;off&#8221; _builder_version=&#8221;3.21&#8243;][\/et_pb_gallery][\/et_pb_column][\/et_pb_row][\/et_pb_section]<\/p>\n","protected":false},"excerpt":{"rendered":"<p>Kartlegging av instrukt\u00f8rarKatalog over instrukt\u00f8rar innan folkemusikk og folkedansHardingfela.no ynskjer \u00e5 hjelpa arrang\u00f8rar av kurs og liknande innan folkemusikk og folkedans i Hordaland med \u00e5 finna aktive instrukt\u00f8rar. Me har difor starta \u00e5 utarbeida ein instrukt\u00f8rkatalog fordelt p\u00e5 kategoriane durspel\/trekkspel, dans, kveding og hardingfele\/fele. Silje Solberg har vore leigd inn til \u00e5 gjera registreringa. Dei [&hellip;]<\/p>\n","protected":false},"author":1,"featured_media":0,"parent":0,"menu_order":0,"comment_status":"closed","ping_status":"closed","template":"","meta":{"_et_pb_use_builder":"on","_et_pb_old_content":"","_et_gb_content_width":"","inline_featured_image":false,"footnotes":""},"class_list":["post-208216","page","type-page","status-publish","hentry"],"yoast_head":"<!-- This site is optimized with the Yoast SEO plugin v27.1.1 - https:\/\/yoast.com\/product\/yoast-seo-wordpress\/ -->\n<title>Kartlegging av instrukt\u00f8rar - Hardingfela.no<\/title>\n<meta name=\"robots\" content=\"index, follow, max-snippet:-1, max-image-preview:large, max-video-preview:-1\" \/>\n<link rel=\"canonical\" href=\"https:\/\/hardingfela.no\/en\/kartlegging-av-instruktorar\/\" \/>\n<meta property=\"og:locale\" content=\"en_US\" \/>\n<meta property=\"og:type\" content=\"article\" \/>\n<meta property=\"og:title\" content=\"Kartlegging av instrukt\u00f8rar - Hardingfela.no\" \/>\n<meta property=\"og:description\" content=\"Kartlegging av instrukt\u00f8rarKatalog over instrukt\u00f8rar innan folkemusikk og folkedansHardingfela.no ynskjer \u00e5 hjelpa arrang\u00f8rar av kurs og liknande innan folkemusikk og folkedans i Hordaland med \u00e5 finna aktive instrukt\u00f8rar. Me har difor starta \u00e5 utarbeida ein instrukt\u00f8rkatalog fordelt p\u00e5 kategoriane durspel\/trekkspel, dans, kveding og hardingfele\/fele. Silje Solberg har vore leigd inn til \u00e5 gjera registreringa. Dei [&hellip;]\" \/>\n<meta property=\"og:url\" content=\"https:\/\/hardingfela.no\/en\/kartlegging-av-instruktorar\/\" \/>\n<meta property=\"og:site_name\" content=\"Hardingfela.no\" \/>\n<meta property=\"article:modified_time\" content=\"2019-08-07T12:45:43+00:00\" \/>\n<meta name=\"twitter:card\" content=\"summary_large_image\" \/>\n<meta name=\"twitter:label1\" content=\"Est. reading time\" \/>\n\t<meta name=\"twitter:data1\" content=\"3 minutes\" \/>\n<script type=\"application\/ld+json\" class=\"yoast-schema-graph\">{\"@context\":\"https:\/\/schema.org\",\"@graph\":[{\"@type\":\"WebPage\",\"@id\":\"https:\/\/hardingfela.no\/en\/kartlegging-av-instruktorar\/\",\"url\":\"https:\/\/hardingfela.no\/en\/kartlegging-av-instruktorar\/\",\"name\":\"Kartlegging av instrukt\u00f8rar - Hardingfela.no\",\"isPartOf\":{\"@id\":\"https:\/\/hardingfela.no\/#website\"},\"datePublished\":\"2018-10-15T09:45:00+00:00\",\"dateModified\":\"2019-08-07T12:45:43+00:00\",\"breadcrumb\":{\"@id\":\"https:\/\/hardingfela.no\/en\/kartlegging-av-instruktorar\/#breadcrumb\"},\"inLanguage\":\"en-US\",\"potentialAction\":[{\"@type\":\"ReadAction\",\"target\":[\"https:\/\/hardingfela.no\/en\/kartlegging-av-instruktorar\/\"]}]},{\"@type\":\"BreadcrumbList\",\"@id\":\"https:\/\/hardingfela.no\/en\/kartlegging-av-instruktorar\/#breadcrumb\",\"itemListElement\":[{\"@type\":\"ListItem\",\"position\":1,\"name\":\"Hjem\",\"item\":\"https:\/\/hardingfela.no\/en\/\"},{\"@type\":\"ListItem\",\"position\":2,\"name\":\"Kartlegging av instrukt\u00f8rar\"}]},{\"@type\":\"WebSite\",\"@id\":\"https:\/\/hardingfela.no\/#website\",\"url\":\"https:\/\/hardingfela.no\/\",\"name\":\"Hardingfela.no\",\"description\":\"Hardanger og Voss museum\",\"potentialAction\":[{\"@type\":\"SearchAction\",\"target\":{\"@type\":\"EntryPoint\",\"urlTemplate\":\"https:\/\/hardingfela.no\/?s={search_term_string}\"},\"query-input\":{\"@type\":\"PropertyValueSpecification\",\"valueRequired\":true,\"valueName\":\"search_term_string\"}}],\"inLanguage\":\"en-US\"}]}<\/script>\n<!-- \/ Yoast SEO plugin. -->","yoast_head_json":{"title":"Kartlegging av instrukt\u00f8rar - Hardingfela.no","robots":{"index":"index","follow":"follow","max-snippet":"max-snippet:-1","max-image-preview":"max-image-preview:large","max-video-preview":"max-video-preview:-1"},"canonical":"https:\/\/hardingfela.no\/en\/kartlegging-av-instruktorar\/","og_locale":"en_US","og_type":"article","og_title":"Kartlegging av instrukt\u00f8rar - Hardingfela.no","og_description":"Kartlegging av instrukt\u00f8rarKatalog over instrukt\u00f8rar innan folkemusikk og folkedansHardingfela.no ynskjer \u00e5 hjelpa arrang\u00f8rar av kurs og liknande innan folkemusikk og folkedans i Hordaland med \u00e5 finna aktive instrukt\u00f8rar. Me har difor starta \u00e5 utarbeida ein instrukt\u00f8rkatalog fordelt p\u00e5 kategoriane durspel\/trekkspel, dans, kveding og hardingfele\/fele. Silje Solberg har vore leigd inn til \u00e5 gjera registreringa. Dei [&hellip;]","og_url":"https:\/\/hardingfela.no\/en\/kartlegging-av-instruktorar\/","og_site_name":"Hardingfela.no","article_modified_time":"2019-08-07T12:45:43+00:00","twitter_card":"summary_large_image","twitter_misc":{"Est. reading time":"3 minutes"},"schema":{"@context":"https:\/\/schema.org","@graph":[{"@type":"WebPage","@id":"https:\/\/hardingfela.no\/en\/kartlegging-av-instruktorar\/","url":"https:\/\/hardingfela.no\/en\/kartlegging-av-instruktorar\/","name":"Kartlegging av instrukt\u00f8rar - Hardingfela.no","isPartOf":{"@id":"https:\/\/hardingfela.no\/#website"},"datePublished":"2018-10-15T09:45:00+00:00","dateModified":"2019-08-07T12:45:43+00:00","breadcrumb":{"@id":"https:\/\/hardingfela.no\/en\/kartlegging-av-instruktorar\/#breadcrumb"},"inLanguage":"en-US","potentialAction":[{"@type":"ReadAction","target":["https:\/\/hardingfela.no\/en\/kartlegging-av-instruktorar\/"]}]},{"@type":"BreadcrumbList","@id":"https:\/\/hardingfela.no\/en\/kartlegging-av-instruktorar\/#breadcrumb","itemListElement":[{"@type":"ListItem","position":1,"name":"Hjem","item":"https:\/\/hardingfela.no\/en\/"},{"@type":"ListItem","position":2,"name":"Kartlegging av instrukt\u00f8rar"}]},{"@type":"WebSite","@id":"https:\/\/hardingfela.no\/#website","url":"https:\/\/hardingfela.no\/","name":"Hardingfela.no","description":"Hardanger og Voss museum","potentialAction":[{"@type":"SearchAction","target":{"@type":"EntryPoint","urlTemplate":"https:\/\/hardingfela.no\/?s={search_term_string}"},"query-input":{"@type":"PropertyValueSpecification","valueRequired":true,"valueName":"search_term_string"}}],"inLanguage":"en-US"}]}},"_links":{"self":[{"href":"https:\/\/hardingfela.no\/en\/wp-json\/wp\/v2\/pages\/208216","targetHints":{"allow":["GET"]}}],"collection":[{"href":"https:\/\/hardingfela.no\/en\/wp-json\/wp\/v2\/pages"}],"about":[{"href":"https:\/\/hardingfela.no\/en\/wp-json\/wp\/v2\/types\/page"}],"author":[{"embeddable":true,"href":"https:\/\/hardingfela.no\/en\/wp-json\/wp\/v2\/users\/1"}],"replies":[{"embeddable":true,"href":"https:\/\/hardingfela.no\/en\/wp-json\/wp\/v2\/comments?post=208216"}],"version-history":[{"count":0,"href":"https:\/\/hardingfela.no\/en\/wp-json\/wp\/v2\/pages\/208216\/revisions"}],"wp:attachment":[{"href":"https:\/\/hardingfela.no\/en\/wp-json\/wp\/v2\/media?parent=208216"}],"curies":[{"name":"wp","href":"https:\/\/api.w.org\/{rel}","templated":true}]}}